{"id":13447,"date":"2025-01-31T08:33:35","date_gmt":"2025-01-31T07:33:35","guid":{"rendered":"https:\/\/divainers.com\/producto\/divain-092\/"},"modified":"2026-04-30T11:03:37","modified_gmt":"2026-04-30T09:03:37","slug":"divain-092","status":"publish","type":"product","link":"https:\/\/divainers.com\/pl\/producto\/divain-092\/","title":{"rendered":"divain.092"},"content":{"rendered":"<p>\u015awie\u017cy i \u017cywy zapach, kt\u00f3ry uchwyca istot\u0119 m\u0142odo\u015bci i wolno\u015bci. Jego iskrz\u0105cy pocz\u0105tek z jab\u0142kiem, czarn\u0105 porzeczk\u0105 i mandarynk\u0105 przynosi jasn\u0105 i orze\u017awiaj\u0105c\u0105 energi\u0119. W sercu po\u0142\u0105czenie r\u00f3\u017cy, lilii i wiciokrzewu otula zapach mi\u0119kk\u0105 i naturaln\u0105 kobieco\u015bci\u0105. U podstawy sanda\u0142owiec i cedr tworz\u0105 ciep\u0142y i lekki \u015blad, idealny dla spontanicznej, optymistycznej kobiety o wolnym duchu, kt\u00f3ra cieszy si\u0119 ka\u017cd\u0105 chwil\u0105.<\/p>\n","protected":false},"excerpt":{"rendered":"<p>Przypomina Tommy Girl od Tommy Hilfiger<\/p>\n","protected":false},"featured_media":13442,"comment_status":"open","ping_status":"closed","template":"","meta":[],"product_brand":[],"product_cat":[4289],"product_tag":[1442],"class_list":{"0":"post-13447","1":"product","2":"type-product","3":"status-publish","4":"has-post-thumbnail","6":"product_cat-tommy-hilfiger","7":"product_tag-kobiety","9":"first","10":"instock","11":"shipping-taxable","12":"product-type-simple"},"_links":{"self":[{"href":"https:\/\/divainers.com\/pl\/wp-json\/wp\/v2\/product\/13447","targetHints":{"allow":["GET"]}}],"collection":[{"href":"https:\/\/divainers.com\/pl\/wp-json\/wp\/v2\/product"}],"about":[{"href":"https:\/\/divainers.com\/pl\/wp-json\/wp\/v2\/types\/product"}],"replies":[{"embeddable":true,"href":"https:\/\/divainers.com\/pl\/wp-json\/wp\/v2\/comments?post=13447"}],"wp:featuredmedia":[{"embeddable":true,"href":"https:\/\/divainers.com\/pl\/wp-json\/wp\/v2\/media\/13442"}],"wp:attachment":[{"href":"https:\/\/divainers.com\/pl\/wp-json\/wp\/v2\/media?parent=13447"}],"wp:term":[{"taxonomy":"product_brand","embeddable":true,"href":"https:\/\/divainers.com\/pl\/wp-json\/wp\/v2\/product_brand?post=13447"},{"taxonomy":"product_cat","embeddable":true,"href":"https:\/\/divainers.com\/pl\/wp-json\/wp\/v2\/product_cat?post=13447"},{"taxonomy":"product_tag","embeddable":true,"href":"https:\/\/divainers.com\/pl\/wp-json\/wp\/v2\/product_tag?post=13447"}],"curies":[{"name":"wp","href":"https:\/\/api.w.org\/{rel}","templated":true}]}}