{"id":13957,"date":"2025-01-31T08:33:35","date_gmt":"2025-01-31T07:33:35","guid":{"rendered":"https:\/\/divainers.com\/producto\/divain-061\/"},"modified":"2026-04-30T11:06:15","modified_gmt":"2026-04-30T09:06:15","slug":"divain-061","status":"publish","type":"product","link":"https:\/\/divainers.com\/pl\/producto\/divain-061\/","title":{"rendered":"divain.061"},"content":{"rendered":"<p>Delikatny i elegancki zapach, kt\u00f3ry przekazuje \u015bwie\u017co\u015b\u0107 i subtelno\u015b\u0107 w ka\u017cdej nucie. Jego \u015bwietliste otwarcie z bergamotki i li\u015bci fio\u0142ka nadaje cytrusowy i zielony akcent, podczas gdy kwiatowe serce z r\u00f3\u017cy, piwonii i ja\u015bminu otula zapach kobieco\u015bci\u0105 i wyrafinowaniem. W bazie bia\u0142y pi\u017cmo i cedr tworz\u0105 ciep\u0142y i otulaj\u0105cy \u015blad, idealny dla subtelnej, eleganckiej kobiety o naturalnym uroku.<\/p>\n","protected":false},"excerpt":{"rendered":"<p>Przypomina Tous od Tous<\/p>\n","protected":false},"featured_media":13955,"comment_status":"open","ping_status":"closed","template":"","meta":[],"product_brand":[],"product_cat":[4534],"product_tag":[1442],"class_list":{"0":"post-13957","1":"product","2":"type-product","3":"status-publish","4":"has-post-thumbnail","6":"product_cat-tous","7":"product_tag-kobiety","9":"first","10":"instock","11":"shipping-taxable","12":"product-type-simple"},"_links":{"self":[{"href":"https:\/\/divainers.com\/pl\/wp-json\/wp\/v2\/product\/13957","targetHints":{"allow":["GET"]}}],"collection":[{"href":"https:\/\/divainers.com\/pl\/wp-json\/wp\/v2\/product"}],"about":[{"href":"https:\/\/divainers.com\/pl\/wp-json\/wp\/v2\/types\/product"}],"replies":[{"embeddable":true,"href":"https:\/\/divainers.com\/pl\/wp-json\/wp\/v2\/comments?post=13957"}],"wp:featuredmedia":[{"embeddable":true,"href":"https:\/\/divainers.com\/pl\/wp-json\/wp\/v2\/media\/13955"}],"wp:attachment":[{"href":"https:\/\/divainers.com\/pl\/wp-json\/wp\/v2\/media?parent=13957"}],"wp:term":[{"taxonomy":"product_brand","embeddable":true,"href":"https:\/\/divainers.com\/pl\/wp-json\/wp\/v2\/product_brand?post=13957"},{"taxonomy":"product_cat","embeddable":true,"href":"https:\/\/divainers.com\/pl\/wp-json\/wp\/v2\/product_cat?post=13957"},{"taxonomy":"product_tag","embeddable":true,"href":"https:\/\/divainers.com\/pl\/wp-json\/wp\/v2\/product_tag?post=13957"}],"curies":[{"name":"wp","href":"https:\/\/api.w.org\/{rel}","templated":true}]}}