{"id":370,"date":"2025-01-31T08:31:55","date_gmt":"2025-01-31T07:31:55","guid":{"rendered":"https:\/\/divainers.com\/producto\/divain-177\/"},"modified":"2026-04-30T16:21:07","modified_gmt":"2026-04-30T14:21:07","slug":"divain-177","status":"publish","type":"product","link":"https:\/\/divainers.com\/pl\/producto\/divain-177\/","title":{"rendered":"divain.177"},"content":{"rendered":"<p>Z\u00e1\u0159iv\u00e1 a \u017eiv\u00e1 v\u016fn\u011b, kter\u00e1 zachycuje sv\u011b\u017eest a jas tropick\u00e9ho r\u00e1je. Jej\u00ed jiskrn\u00fd \u00favod z bergamotu a goji bobul\u00ed probouz\u00ed smysly \u0161\u0165avnatou a revitalizuj\u00edc\u00ed energi\u00ed. V srdci kv\u011btinov\u00e1 kytice ibi\u0161ku a lekn\u00ednu obaluje v\u016fni \u017eenskou a exotickou jemnost\u00ed. V z\u00e1kladu pi\u017emo a cedrov\u00e9 d\u0159evo p\u0159in\u00e1\u0161ej\u00ed sofistikovan\u00e9 a dlouhotrvaj\u00edc\u00ed teplo. Perfektn\u00ed pro veselou a sebev\u011bdomou \u017eenu, kter\u00e1 hled\u00e1 sv\u011b\u017e\u00ed, smyslnou a plnou vitality v\u016fni.<\/p>\n","protected":false},"excerpt":{"rendered":"<p>P\u0159ipom\u00edn\u00e1 Omnia Coral od Bvlgari<\/p>\n","protected":false},"featured_media":15935,"comment_status":"open","ping_status":"closed","template":"","meta":[],"product_brand":[],"product_cat":[1938],"product_tag":[1452],"class_list":{"0":"post-370","1":"product","2":"type-product","3":"status-publish","4":"has-post-thumbnail","6":"product_cat-bvlgari","7":"product_tag-sievietes","9":"first","10":"instock","11":"shipping-taxable","12":"product-type-simple"},"_links":{"self":[{"href":"https:\/\/divainers.com\/pl\/wp-json\/wp\/v2\/product\/370","targetHints":{"allow":["GET"]}}],"collection":[{"href":"https:\/\/divainers.com\/pl\/wp-json\/wp\/v2\/product"}],"about":[{"href":"https:\/\/divainers.com\/pl\/wp-json\/wp\/v2\/types\/product"}],"replies":[{"embeddable":true,"href":"https:\/\/divainers.com\/pl\/wp-json\/wp\/v2\/comments?post=370"}],"wp:featuredmedia":[{"embeddable":true,"href":"https:\/\/divainers.com\/pl\/wp-json\/wp\/v2\/media\/15935"}],"wp:attachment":[{"href":"https:\/\/divainers.com\/pl\/wp-json\/wp\/v2\/media?parent=370"}],"wp:term":[{"taxonomy":"product_brand","embeddable":true,"href":"https:\/\/divainers.com\/pl\/wp-json\/wp\/v2\/product_brand?post=370"},{"taxonomy":"product_cat","embeddable":true,"href":"https:\/\/divainers.com\/pl\/wp-json\/wp\/v2\/product_cat?post=370"},{"taxonomy":"product_tag","embeddable":true,"href":"https:\/\/divainers.com\/pl\/wp-json\/wp\/v2\/product_tag?post=370"}],"curies":[{"name":"wp","href":"https:\/\/api.w.org\/{rel}","templated":true}]}}