{"id":375,"date":"2025-01-31T08:31:55","date_gmt":"2025-01-31T07:31:55","guid":{"rendered":"https:\/\/divainers.com\/producto\/divain-525\/"},"modified":"2026-04-30T16:21:15","modified_gmt":"2026-04-30T14:21:15","slug":"divain-525","status":"publish","type":"product","link":"https:\/\/divainers.com\/pl\/producto\/divain-525\/","title":{"rendered":"divain.525"},"content":{"rendered":"<p>Okouzluj\u00edc\u00ed a sofistikovan\u00e1 v\u016fn\u011b, kter\u00e1 kombinuje sv\u011b\u017eest a teplo v jedine\u010dn\u00e9 sm\u011bsi, evokuj\u00edc\u00ed pocit \u00e9terick\u00e9 elegance. Od prvn\u00edho n\u00e1dechu jisk\u0159iv\u00e1 sm\u011bs mandarinky a \u0161afr\u00e1nu probouz\u00ed smysly s ko\u0159en\u011bn\u00fdm a sv\u011b\u017e\u00edm n\u00e1dechem. V srdci se jemn\u00e1 kv\u011btinov\u00e1 kytice lotosov\u00e9ho kv\u011btu a mandle spojuje s t\u00f3ny zelen\u00e9ho \u010daje, vytv\u00e1\u0159ej\u00edc\u00ed jemn\u00fd a osv\u011b\u017euj\u00edc\u00ed dojem. Nakonec obklopuj\u00edc\u00ed d\u0159evit\u00fd z\u00e1klad z guajakov\u00e9ho d\u0159eva a ambry zanech\u00e1v\u00e1 teplou, sv\u016fdnou a sofistikovanou stopu. V\u0161estrann\u00e9 parf\u00e9m, ide\u00e1ln\u00ed pro ty, kte\u0159\u00ed hledaj\u00ed sv\u011b\u017e\u00ed, orient\u00e1ln\u00ed v\u016fni s jemn\u00fdm a trval\u00fdm n\u00e1dechem.<\/p>\n","protected":false},"excerpt":{"rendered":"<p>P\u0159ipom\u00edn\u00e1 Omnia od Bvlgari<\/p>\n","protected":false},"featured_media":15940,"comment_status":"open","ping_status":"closed","template":"","meta":[],"product_brand":[],"product_cat":[1941],"product_tag":[1452],"class_list":{"0":"post-375","1":"product","2":"type-product","3":"status-publish","4":"has-post-thumbnail","6":"product_cat-bvlgari","7":"product_tag-sievietes","9":"first","10":"instock","11":"shipping-taxable","12":"product-type-simple"},"_links":{"self":[{"href":"https:\/\/divainers.com\/pl\/wp-json\/wp\/v2\/product\/375","targetHints":{"allow":["GET"]}}],"collection":[{"href":"https:\/\/divainers.com\/pl\/wp-json\/wp\/v2\/product"}],"about":[{"href":"https:\/\/divainers.com\/pl\/wp-json\/wp\/v2\/types\/product"}],"replies":[{"embeddable":true,"href":"https:\/\/divainers.com\/pl\/wp-json\/wp\/v2\/comments?post=375"}],"wp:featuredmedia":[{"embeddable":true,"href":"https:\/\/divainers.com\/pl\/wp-json\/wp\/v2\/media\/15940"}],"wp:attachment":[{"href":"https:\/\/divainers.com\/pl\/wp-json\/wp\/v2\/media?parent=375"}],"wp:term":[{"taxonomy":"product_brand","embeddable":true,"href":"https:\/\/divainers.com\/pl\/wp-json\/wp\/v2\/product_brand?post=375"},{"taxonomy":"product_cat","embeddable":true,"href":"https:\/\/divainers.com\/pl\/wp-json\/wp\/v2\/product_cat?post=375"},{"taxonomy":"product_tag","embeddable":true,"href":"https:\/\/divainers.com\/pl\/wp-json\/wp\/v2\/product_tag?post=375"}],"curies":[{"name":"wp","href":"https:\/\/api.w.org\/{rel}","templated":true}]}}