{"id":389,"date":"2025-01-31T08:31:57","date_gmt":"2025-01-31T07:31:57","guid":{"rendered":"https:\/\/divainers.com\/producto\/divain-912\/"},"modified":"2026-04-30T16:21:33","modified_gmt":"2026-04-30T14:21:33","slug":"divain-912","status":"publish","type":"product","link":"https:\/\/divainers.com\/pl\/producto\/divain-912\/","title":{"rendered":"divain.912"},"content":{"rendered":"<p>N\u00e1dhern\u00e1 a sofistikovan\u00e1 v\u016fn\u011b, kter\u00e1 zachycuje podstatu luxusu a nad\u010dasov\u00e9 elegance. Ji\u017e p\u0159i prvn\u00edm n\u00e1dechu se tepl\u00e1 exploze mandarinky a \u0161afr\u00e1nu prol\u00edn\u00e1 s kv\u011btem pomeran\u010dovn\u00edku a r\u016f\u017e\u00ed, vytv\u00e1\u0159ej\u00edc\u00ed okouzluj\u00edc\u00ed sm\u011bs evokuj\u00edc\u00ed pocit zlatav\u00e9 sv\u011b\u017eesti. Jak se v\u016fn\u011b rozv\u00edj\u00ed, medov\u00e9 a vanilkov\u00e9 t\u00f3ny p\u0159in\u00e1\u0161ej\u00ed sametovou a obklopuj\u00edc\u00ed sladkost, zat\u00edmco cedr a pi\u017emo v z\u00e1kladu dod\u00e1vaj\u00ed hloubku a teplo, obaluj\u00ed v\u016fni sofistikovanou a smyslnou stopou. Tato v\u016fn\u011b je ur\u010dena pro ty, kte\u0159\u00ed hledaj\u00ed olfaktorick\u00fd z\u00e1\u017eitek spojuj\u00edc\u00ed luxus, eleganci a smyslnost, zanech\u00e1vaj\u00edc\u00ed zlat\u00fd a trval\u00fd otisk, kter\u00fd p\u0159itahuje v\u0161echny pohledy.<\/p>\n","protected":false},"excerpt":{"rendered":"<p>P\u0159ipom\u00edn\u00e1 Woman in Gold od by Kilian<\/p>\n","protected":false},"featured_media":15953,"comment_status":"open","ping_status":"closed","template":"","meta":[],"product_brand":[],"product_cat":[1960],"product_tag":[1430],"class_list":{"0":"post-389","1":"product","2":"type-product","3":"status-publish","4":"has-post-thumbnail","6":"product_cat-by-kilian","7":"product_tag-zeny","9":"first","10":"instock","11":"shipping-taxable","12":"product-type-simple"},"_links":{"self":[{"href":"https:\/\/divainers.com\/pl\/wp-json\/wp\/v2\/product\/389","targetHints":{"allow":["GET"]}}],"collection":[{"href":"https:\/\/divainers.com\/pl\/wp-json\/wp\/v2\/product"}],"about":[{"href":"https:\/\/divainers.com\/pl\/wp-json\/wp\/v2\/types\/product"}],"replies":[{"embeddable":true,"href":"https:\/\/divainers.com\/pl\/wp-json\/wp\/v2\/comments?post=389"}],"wp:featuredmedia":[{"embeddable":true,"href":"https:\/\/divainers.com\/pl\/wp-json\/wp\/v2\/media\/15953"}],"wp:attachment":[{"href":"https:\/\/divainers.com\/pl\/wp-json\/wp\/v2\/media?parent=389"}],"wp:term":[{"taxonomy":"product_brand","embeddable":true,"href":"https:\/\/divainers.com\/pl\/wp-json\/wp\/v2\/product_brand?post=389"},{"taxonomy":"product_cat","embeddable":true,"href":"https:\/\/divainers.com\/pl\/wp-json\/wp\/v2\/product_cat?post=389"},{"taxonomy":"product_tag","embeddable":true,"href":"https:\/\/divainers.com\/pl\/wp-json\/wp\/v2\/product_tag?post=389"}],"curies":[{"name":"wp","href":"https:\/\/api.w.org\/{rel}","templated":true}]}}