{"id":391,"date":"2025-01-31T08:31:57","date_gmt":"2025-01-31T07:31:57","guid":{"rendered":"https:\/\/divainers.com\/producto\/divain-914\/"},"modified":"2026-04-30T16:21:35","modified_gmt":"2026-04-30T14:21:35","slug":"divain-914","status":"publish","type":"product","link":"https:\/\/divainers.com\/pl\/producto\/divain-914\/","title":{"rendered":"divain.914"},"content":{"rendered":"<p>Tepl\u00e1 a obklopuj\u00edc\u00ed v\u016fn\u011b, kter\u00e1 okouzl\u00ed smysly svou neodolatelnou sm\u011bs\u00ed exotick\u00e9ho ko\u0159en\u00ed a d\u0159evit\u00fdch t\u00f3n\u016f. Od za\u010d\u00e1tku se explozivn\u00ed kombinace k\u00e1vy a kardamomu m\u00eds\u00ed se sko\u0159ic\u00ed a \u0161afr\u00e1nem, vytv\u00e1\u0159ej\u00edc\u00ed pocit h\u0159ejiv\u00e9ho a smysln\u00e9ho objet\u00ed. Jak v\u016fn\u011b dozr\u00e1v\u00e1, cedr a vanilka p\u0159in\u00e1\u0161ej\u00ed hlubok\u00fd a kr\u00e9mov\u00fd z\u00e1klad, zat\u00edmco n\u00e1dech pi\u017ema a santalov\u00e9ho d\u0159eva obaluje v\u016fni sofistikovanou a lehce ko\u0159en\u011bnou aurou. Tato v\u016fn\u011b je ur\u010dena pro ty, kte\u0159\u00ed hledaj\u00ed parf\u00e9m spojuj\u00edc\u00ed ko\u0159en\u011bn\u00e9 a d\u0159evit\u00e9 t\u00f3ny s intenzitou, kter\u00e1 zanech\u00e1v\u00e1 silnou a n\u00e1vykovou stopu, ide\u00e1ln\u00ed pro chv\u00edle, kdy chcete zanechat trval\u00fd dojem tajemstv\u00ed a sv\u00e1d\u011bn\u00ed.<\/p>\n","protected":false},"excerpt":{"rendered":"<p>P\u0159ipom\u00edn\u00e1 Intoxicated od by Kilian<\/p>\n","protected":false},"featured_media":15955,"comment_status":"open","ping_status":"closed","template":"","meta":[],"product_brand":[],"product_cat":[1960],"product_tag":[1407],"class_list":{"0":"post-391","1":"product","2":"type-product","3":"status-publish","4":"has-post-thumbnail","6":"product_cat-by-kilian","7":"product_tag-unisex","9":"first","10":"instock","11":"shipping-taxable","12":"product-type-simple"},"_links":{"self":[{"href":"https:\/\/divainers.com\/pl\/wp-json\/wp\/v2\/product\/391","targetHints":{"allow":["GET"]}}],"collection":[{"href":"https:\/\/divainers.com\/pl\/wp-json\/wp\/v2\/product"}],"about":[{"href":"https:\/\/divainers.com\/pl\/wp-json\/wp\/v2\/types\/product"}],"replies":[{"embeddable":true,"href":"https:\/\/divainers.com\/pl\/wp-json\/wp\/v2\/comments?post=391"}],"wp:featuredmedia":[{"embeddable":true,"href":"https:\/\/divainers.com\/pl\/wp-json\/wp\/v2\/media\/15955"}],"wp:attachment":[{"href":"https:\/\/divainers.com\/pl\/wp-json\/wp\/v2\/media?parent=391"}],"wp:term":[{"taxonomy":"product_brand","embeddable":true,"href":"https:\/\/divainers.com\/pl\/wp-json\/wp\/v2\/product_brand?post=391"},{"taxonomy":"product_cat","embeddable":true,"href":"https:\/\/divainers.com\/pl\/wp-json\/wp\/v2\/product_cat?post=391"},{"taxonomy":"product_tag","embeddable":true,"href":"https:\/\/divainers.com\/pl\/wp-json\/wp\/v2\/product_tag?post=391"}],"curies":[{"name":"wp","href":"https:\/\/api.w.org\/{rel}","templated":true}]}}