{"id":447,"date":"2025-01-31T08:32:05","date_gmt":"2025-01-31T07:32:05","guid":{"rendered":"https:\/\/divainers.com\/producto\/divain-748\/"},"modified":"2026-03-16T16:07:23","modified_gmt":"2026-03-16T15:07:23","slug":"divain-748","status":"publish","type":"product","link":"https:\/\/divainers.com\/pl\/producto\/divain-748\/","title":{"rendered":"divain.748"},"content":{"rendered":"<p>Es una fragancia fresca y vibrante, que transmite una sensaci\u00f3n de juventud y energ\u00eda. Abre con notas c\u00edtricas de bergamota y toronja, que proporcionan un inicio refrescante y energizante. En el coraz\u00f3n, se encuentra una mezcla de especias y florales, como la lavanda y el jengibre, que aportan una dimensi\u00f3n c\u00e1lida y elegante. La base est\u00e1 formada por madera de s\u00e1ndalo y un toque de almizcle, lo que le da una sensaci\u00f3n de sofisticaci\u00f3n y masculinidad moderna. Es un perfume din\u00e1mico y audaz, ideal para personas j\u00f3venes y en\u00e9rgicas que buscan una fragancia que los acompa\u00f1e a lo largo del d\u00eda, desde el trabajo hasta el ocio.<\/p>\n","protected":false},"excerpt":{"rendered":"<p>Recuerda a 212 heroes forever young de Carolina Herrera<\/p>\n","protected":false},"featured_media":3056,"comment_status":"open","ping_status":"closed","template":"","meta":[],"product_brand":[],"product_cat":[1528],"product_tag":[1422],"class_list":{"0":"post-447","1":"product","2":"type-product","3":"status-publish","4":"has-post-thumbnail","6":"product_cat-carolina-herrera","7":"product_tag-vrouwen","9":"first","10":"instock","11":"shipping-taxable","12":"product-type-simple"},"_links":{"self":[{"href":"https:\/\/divainers.com\/pl\/wp-json\/wp\/v2\/product\/447","targetHints":{"allow":["GET"]}}],"collection":[{"href":"https:\/\/divainers.com\/pl\/wp-json\/wp\/v2\/product"}],"about":[{"href":"https:\/\/divainers.com\/pl\/wp-json\/wp\/v2\/types\/product"}],"replies":[{"embeddable":true,"href":"https:\/\/divainers.com\/pl\/wp-json\/wp\/v2\/comments?post=447"}],"wp:featuredmedia":[{"embeddable":true,"href":"https:\/\/divainers.com\/pl\/wp-json\/wp\/v2\/media\/3056"}],"wp:attachment":[{"href":"https:\/\/divainers.com\/pl\/wp-json\/wp\/v2\/media?parent=447"}],"wp:term":[{"taxonomy":"product_brand","embeddable":true,"href":"https:\/\/divainers.com\/pl\/wp-json\/wp\/v2\/product_brand?post=447"},{"taxonomy":"product_cat","embeddable":true,"href":"https:\/\/divainers.com\/pl\/wp-json\/wp\/v2\/product_cat?post=447"},{"taxonomy":"product_tag","embeddable":true,"href":"https:\/\/divainers.com\/pl\/wp-json\/wp\/v2\/product_tag?post=447"}],"curies":[{"name":"wp","href":"https:\/\/api.w.org\/{rel}","templated":true}]}}