{"id":653,"date":"2025-01-31T08:32:30","date_gmt":"2025-01-31T07:32:30","guid":{"rendered":"https:\/\/divainers.com\/producto\/divain-129\/"},"modified":"2026-03-16T16:07:39","modified_gmt":"2026-03-16T15:07:39","slug":"divain-129","status":"publish","type":"product","link":"https:\/\/divainers.com\/pl\/producto\/divain-129\/","title":{"rendered":"divain.129"},"content":{"rendered":"<p>Un aroma enigm\u00e1tico y seductor que equilibra la dualidad entre la luz y la oscuridad. Su apertura chispeante de mandarina y tomillo blanco aporta un frescor intrigante y vibrante. En el coraz\u00f3n, el lirio y la orqu\u00eddea despliegan una feminidad hipn\u00f3tica y sofisticada. En el fondo, la vainilla, el haba tonka y el palo de rosa crean una estela c\u00e1lida, envolvente y misteriosa, perfecta para la mujer elegante, seductora y con un magnetismo irresistible que deja una huella imborrable.<\/p>\n","protected":false},"excerpt":{"rendered":"<p>Recuerda a Ange ou Demon de Givenchy<\/p>\n","protected":false},"featured_media":3618,"comment_status":"open","ping_status":"closed","template":"","meta":[],"product_brand":[],"product_cat":[408],"product_tag":[38],"class_list":{"0":"post-653","1":"product","2":"type-product","3":"status-publish","4":"has-post-thumbnail","6":"product_cat-givenchy","7":"product_tag-mujer","9":"first","10":"instock","11":"shipping-taxable","12":"product-type-simple"},"_links":{"self":[{"href":"https:\/\/divainers.com\/pl\/wp-json\/wp\/v2\/product\/653","targetHints":{"allow":["GET"]}}],"collection":[{"href":"https:\/\/divainers.com\/pl\/wp-json\/wp\/v2\/product"}],"about":[{"href":"https:\/\/divainers.com\/pl\/wp-json\/wp\/v2\/types\/product"}],"replies":[{"embeddable":true,"href":"https:\/\/divainers.com\/pl\/wp-json\/wp\/v2\/comments?post=653"}],"wp:featuredmedia":[{"embeddable":true,"href":"https:\/\/divainers.com\/pl\/wp-json\/wp\/v2\/media\/3618"}],"wp:attachment":[{"href":"https:\/\/divainers.com\/pl\/wp-json\/wp\/v2\/media?parent=653"}],"wp:term":[{"taxonomy":"product_brand","embeddable":true,"href":"https:\/\/divainers.com\/pl\/wp-json\/wp\/v2\/product_brand?post=653"},{"taxonomy":"product_cat","embeddable":true,"href":"https:\/\/divainers.com\/pl\/wp-json\/wp\/v2\/product_cat?post=653"},{"taxonomy":"product_tag","embeddable":true,"href":"https:\/\/divainers.com\/pl\/wp-json\/wp\/v2\/product_tag?post=653"}],"curies":[{"name":"wp","href":"https:\/\/api.w.org\/{rel}","templated":true}]}}