{"id":6937,"date":"2026-03-17T15:43:45","date_gmt":"2026-03-17T14:43:45","guid":{"rendered":"https:\/\/divainers.com\/producto\/divain-1093\/"},"modified":"2026-04-30T09:42:38","modified_gmt":"2026-04-30T07:42:38","slug":"divain-1093","status":"publish","type":"product","link":"https:\/\/divainers.com\/pl\/producto\/divain-1093\/","title":{"rendered":"divain.1093"},"content":{"rendered":"<p>Przywo\u0142uje intensywn\u0105 i promienn\u0105 kobieco\u015b\u0107, z otulaj\u0105cym i uwodzicielskim charakterem, kt\u00f3ry emanuje si\u0142\u0105 i elegancj\u0105. To wyrafinowany i uzale\u017cniaj\u0105cy zapach, idealny dla tych, kt\u00f3rzy szukaj\u0105 przyci\u0105gaj\u0105cej, zmys\u0142owej i pe\u0142nej obecno\u015bci woni.<\/p>\n","protected":false},"excerpt":{"rendered":"<p>Przypomina Gaultier Divine Elixir de Jean Paul Gaultier<\/p>\n","protected":false},"featured_media":6854,"comment_status":"open","ping_status":"closed","template":"","meta":[],"product_brand":[],"product_cat":[1305],"product_tag":[1442],"class_list":{"0":"post-6937","1":"product","2":"type-product","3":"status-publish","4":"has-post-thumbnail","6":"product_cat-jean-paul-gaultier","7":"product_tag-kobiety","9":"first","10":"instock","11":"shipping-taxable","12":"product-type-simple"},"_links":{"self":[{"href":"https:\/\/divainers.com\/pl\/wp-json\/wp\/v2\/product\/6937","targetHints":{"allow":["GET"]}}],"collection":[{"href":"https:\/\/divainers.com\/pl\/wp-json\/wp\/v2\/product"}],"about":[{"href":"https:\/\/divainers.com\/pl\/wp-json\/wp\/v2\/types\/product"}],"replies":[{"embeddable":true,"href":"https:\/\/divainers.com\/pl\/wp-json\/wp\/v2\/comments?post=6937"}],"wp:featuredmedia":[{"embeddable":true,"href":"https:\/\/divainers.com\/pl\/wp-json\/wp\/v2\/media\/6854"}],"wp:attachment":[{"href":"https:\/\/divainers.com\/pl\/wp-json\/wp\/v2\/media?parent=6937"}],"wp:term":[{"taxonomy":"product_brand","embeddable":true,"href":"https:\/\/divainers.com\/pl\/wp-json\/wp\/v2\/product_brand?post=6937"},{"taxonomy":"product_cat","embeddable":true,"href":"https:\/\/divainers.com\/pl\/wp-json\/wp\/v2\/product_cat?post=6937"},{"taxonomy":"product_tag","embeddable":true,"href":"https:\/\/divainers.com\/pl\/wp-json\/wp\/v2\/product_tag?post=6937"}],"curies":[{"name":"wp","href":"https:\/\/api.w.org\/{rel}","templated":true}]}}