{"id":7007,"date":"2025-01-31T08:31:48","date_gmt":"2025-01-31T07:31:48","guid":{"rendered":"https:\/\/divainers.com\/producto\/divain-205\/"},"modified":"2026-03-26T14:15:49","modified_gmt":"2026-03-26T13:15:49","slug":"divain-205","status":"publish","type":"product","link":"https:\/\/divainers.com\/pl\/producto\/divain-205\/","title":{"rendered":"divain.205"},"content":{"rendered":"<p><span data-sheets-root=\"1\">\u017bywy i magnetyczny zapach, kt\u00f3ry emanuje pewno\u015bci\u0105 siebie i m\u0142odo\u015bci\u0105 w ka\u017cdej nutzie. \u015awie\u017ce i pobudzaj\u0105ce otwarcie \u0142\u0105czy cytryn\u0119, pomara\u0144cz\u0119 i kardamon, tworz\u0105c cytrusow\u0105 eksplozj\u0119 pe\u0142n\u0105 energii. W sercu lawenda i rozmaryn wnosz\u0105 czysty i m\u0119ski aromat, podczas gdy drzewna baza pi\u017cma, vetiweru i mchu d\u0119bowego dodaje g\u0142\u0119bi i zmys\u0142owo\u015bci. Idealne dla tych, kt\u00f3rzy szukaj\u0105 \u015bwie\u017cego, odwa\u017cnego i uwodzicielskiego zapachu, idealnego do codziennego u\u017cytku lub pozostawienia niezapomnianego wra\u017cenia.   <\/span><\/p>\n","protected":false},"excerpt":{"rendered":"<p>Pami\u0119taj o Fierce z Abercrombie &amp; Fitch<\/p>\n","protected":false},"featured_media":3374,"comment_status":"open","ping_status":"closed","template":"","meta":[],"product_brand":[],"product_cat":[1327],"product_tag":[1354],"class_list":{"0":"post-7007","1":"product","2":"type-product","3":"status-publish","4":"has-post-thumbnail","6":"product_cat-abercrombie-fitch","7":"product_tag-uomo","9":"first","10":"instock","11":"shipping-taxable","12":"product-type-simple"},"_links":{"self":[{"href":"https:\/\/divainers.com\/pl\/wp-json\/wp\/v2\/product\/7007","targetHints":{"allow":["GET"]}}],"collection":[{"href":"https:\/\/divainers.com\/pl\/wp-json\/wp\/v2\/product"}],"about":[{"href":"https:\/\/divainers.com\/pl\/wp-json\/wp\/v2\/types\/product"}],"replies":[{"embeddable":true,"href":"https:\/\/divainers.com\/pl\/wp-json\/wp\/v2\/comments?post=7007"}],"wp:featuredmedia":[{"embeddable":true,"href":"https:\/\/divainers.com\/pl\/wp-json\/wp\/v2\/media\/3374"}],"wp:attachment":[{"href":"https:\/\/divainers.com\/pl\/wp-json\/wp\/v2\/media?parent=7007"}],"wp:term":[{"taxonomy":"product_brand","embeddable":true,"href":"https:\/\/divainers.com\/pl\/wp-json\/wp\/v2\/product_brand?post=7007"},{"taxonomy":"product_cat","embeddable":true,"href":"https:\/\/divainers.com\/pl\/wp-json\/wp\/v2\/product_cat?post=7007"},{"taxonomy":"product_tag","embeddable":true,"href":"https:\/\/divainers.com\/pl\/wp-json\/wp\/v2\/product_tag?post=7007"}],"curies":[{"name":"wp","href":"https:\/\/api.w.org\/{rel}","templated":true}]}}