{"id":7025,"date":"2025-01-31T08:31:48","date_gmt":"2025-01-31T07:31:48","guid":{"rendered":"https:\/\/divainers.com\/producto\/divain-320\/"},"modified":"2026-04-30T09:43:01","modified_gmt":"2026-04-30T07:43:01","slug":"divain-320","status":"publish","type":"product","link":"https:\/\/divainers.com\/pl\/producto\/divain-320\/","title":{"rendered":"divain.320"},"content":{"rendered":"<p>\u017bywy i m\u0119ski zapach z \u015bwie\u017cym i owocowym otwarciem dzi\u0119ki bergamotce i zielonemu jab\u0142ku, po\u0142\u0105czonym z pikantn\u0105 nut\u0105 kardamonu. W sercu aromatyczne nuty lawendy i rozmarynu nadaj\u0105 czysty i nowoczesny charakter, podczas gdy baza staje si\u0119 cieplejsza i otulaj\u0105ca dzi\u0119ki bursztynowi, fasolce tonka i g\u0142\u0119bokim nutom drzewnym, tworz\u0105c zr\u00f3wnowa\u017cony zapach mi\u0119dzy \u015bwie\u017co\u015bci\u0105 a zmys\u0142owo\u015bci\u0105, idealny na co dzie\u0144.<\/p>\n","protected":false},"excerpt":{"rendered":"<p>Przypomina First Instinct Blue od Abercrombie &#038; Fitch<\/p>\n","protected":false},"featured_media":7026,"comment_status":"open","ping_status":"closed","template":"","meta":[],"product_brand":[],"product_cat":[1327],"product_tag":[1363],"class_list":{"0":"post-7025","1":"product","2":"type-product","3":"status-publish","4":"has-post-thumbnail","6":"product_cat-abercrombie-fitch","7":"product_tag-mezczyzni","9":"first","10":"instock","11":"shipping-taxable","12":"product-type-simple"},"_links":{"self":[{"href":"https:\/\/divainers.com\/pl\/wp-json\/wp\/v2\/product\/7025","targetHints":{"allow":["GET"]}}],"collection":[{"href":"https:\/\/divainers.com\/pl\/wp-json\/wp\/v2\/product"}],"about":[{"href":"https:\/\/divainers.com\/pl\/wp-json\/wp\/v2\/types\/product"}],"replies":[{"embeddable":true,"href":"https:\/\/divainers.com\/pl\/wp-json\/wp\/v2\/comments?post=7025"}],"wp:featuredmedia":[{"embeddable":true,"href":"https:\/\/divainers.com\/pl\/wp-json\/wp\/v2\/media\/7026"}],"wp:attachment":[{"href":"https:\/\/divainers.com\/pl\/wp-json\/wp\/v2\/media?parent=7025"}],"wp:term":[{"taxonomy":"product_brand","embeddable":true,"href":"https:\/\/divainers.com\/pl\/wp-json\/wp\/v2\/product_brand?post=7025"},{"taxonomy":"product_cat","embeddable":true,"href":"https:\/\/divainers.com\/pl\/wp-json\/wp\/v2\/product_cat?post=7025"},{"taxonomy":"product_tag","embeddable":true,"href":"https:\/\/divainers.com\/pl\/wp-json\/wp\/v2\/product_tag?post=7025"}],"curies":[{"name":"wp","href":"https:\/\/api.w.org\/{rel}","templated":true}]}}