{"id":7053,"date":"2025-01-31T08:31:48","date_gmt":"2025-01-31T07:31:48","guid":{"rendered":"https:\/\/divainers.com\/producto\/divain-276\/"},"modified":"2026-04-30T09:43:09","modified_gmt":"2026-04-30T07:43:09","slug":"divain-276","status":"publish","type":"product","link":"https:\/\/divainers.com\/pl\/producto\/divain-276\/","title":{"rendered":"divain.276"},"content":{"rendered":"<p>To klasyczny i wyrafinowany zapach, wyr\u00f3\u017cniaj\u0105cy si\u0119 \u015bwie\u017co\u015bci\u0105 i ponadczasow\u0105 elegancj\u0105. Z cytrusow\u0105 i \u015bwie\u017c\u0105 baz\u0105, nuty g\u0142owy obejmuj\u0105 cytryn\u0119, pomara\u0144cz\u0119 i bergamotk\u0119, kt\u00f3re daj\u0105 orze\u017awiaj\u0105ce wra\u017cenie. W sercu znajduj\u0105 si\u0119 kwiatowe aromaty takie jak lawenda, ja\u015bmin i r\u00f3\u017ca, nadaj\u0105ce nut\u0119 wyrafinowania. Drzewna baza z nutami wetiweru, drzewa sanda\u0142owego i paczuli dodaje g\u0142\u0119bi i trwa\u0142o\u015bci. Idealny dla m\u0119\u017cczyzny, kt\u00f3ry ceni \u015bwie\u017ce zapachy z subteln\u0105 z\u0142o\u017cono\u015bci\u0105, utrzymuj\u0105c\u0105 si\u0119 przez ca\u0142y dzie\u0144.<\/p>\n","protected":false},"excerpt":{"rendered":"<p>Przypomina Acqua Di Parma od Acqua di Parma<\/p>\n","protected":false},"featured_media":7057,"comment_status":"open","ping_status":"closed","template":"","meta":[],"product_brand":[],"product_cat":[1378],"product_tag":[1379],"class_list":{"0":"post-7053","1":"product","2":"type-product","3":"status-publish","4":"has-post-thumbnail","6":"product_cat-acqua-di-parma","7":"product_tag-unisex","9":"first","10":"instock","11":"shipping-taxable","12":"product-type-simple"},"_links":{"self":[{"href":"https:\/\/divainers.com\/pl\/wp-json\/wp\/v2\/product\/7053","targetHints":{"allow":["GET"]}}],"collection":[{"href":"https:\/\/divainers.com\/pl\/wp-json\/wp\/v2\/product"}],"about":[{"href":"https:\/\/divainers.com\/pl\/wp-json\/wp\/v2\/types\/product"}],"replies":[{"embeddable":true,"href":"https:\/\/divainers.com\/pl\/wp-json\/wp\/v2\/comments?post=7053"}],"wp:featuredmedia":[{"embeddable":true,"href":"https:\/\/divainers.com\/pl\/wp-json\/wp\/v2\/media\/7057"}],"wp:attachment":[{"href":"https:\/\/divainers.com\/pl\/wp-json\/wp\/v2\/media?parent=7053"}],"wp:term":[{"taxonomy":"product_brand","embeddable":true,"href":"https:\/\/divainers.com\/pl\/wp-json\/wp\/v2\/product_brand?post=7053"},{"taxonomy":"product_cat","embeddable":true,"href":"https:\/\/divainers.com\/pl\/wp-json\/wp\/v2\/product_cat?post=7053"},{"taxonomy":"product_tag","embeddable":true,"href":"https:\/\/divainers.com\/pl\/wp-json\/wp\/v2\/product_tag?post=7053"}],"curies":[{"name":"wp","href":"https:\/\/api.w.org\/{rel}","templated":true}]}}