{"id":7076,"date":"2025-01-31T08:31:49","date_gmt":"2025-01-31T07:31:49","guid":{"rendered":"https:\/\/divainers.com\/producto\/divain-443\/"},"modified":"2026-04-30T09:43:16","modified_gmt":"2026-04-30T07:43:16","slug":"divain-443","status":"publish","type":"product","link":"https:\/\/divainers.com\/pl\/producto\/divain-443\/","title":{"rendered":"divain.443"},"content":{"rendered":"<p>\u015awie\u017cy i \u015bwietlisty zapach, kt\u00f3ry przenosi do \u015br\u00f3dziemnomorskiej bryzy, gdzie s\u0142o\u0144ce pie\u015bci sk\u00f3r\u0119, a morze szepcze na horyzoncie. Od pierwszej chwili witalno\u015b\u0107 mirtu i musuj\u0105ce w\u0142oskie cytrusy budz\u0105 zmys\u0142y promienn\u0105 energi\u0105. W sercu ja\u0142owiec i kwiatowe nuty dodaj\u0105 aromatycznego i wyrafinowanego akcentu, przywo\u0142uj\u0105c natur\u0119 w jej najpe\u0142niejszym wyrazie. Na ko\u0144cu bursztynowo-pi\u017cmowa baza pozostawia mi\u0119kki, otulaj\u0105cy i elegancki \u015blad. Od\u015bwie\u017caj\u0105cy i wyrafinowany perfum, idealny dla tych, kt\u00f3rzy szukaj\u0105 \u015bwie\u017co\u015bci, spokoju i \u015br\u00f3dziemnomorskiej ucieczki.<\/p>\n","protected":false},"excerpt":{"rendered":"<p>Przypomina Blue Mediterraneo Mirto di Panarea od Acqua Di Parma<\/p>\n","protected":false},"featured_media":7078,"comment_status":"open","ping_status":"closed","template":"","meta":[],"product_brand":[],"product_cat":[1378],"product_tag":[1379],"class_list":{"0":"post-7076","1":"product","2":"type-product","3":"status-publish","4":"has-post-thumbnail","6":"product_cat-acqua-di-parma","7":"product_tag-unisex","9":"first","10":"instock","11":"shipping-taxable","12":"product-type-simple"},"_links":{"self":[{"href":"https:\/\/divainers.com\/pl\/wp-json\/wp\/v2\/product\/7076","targetHints":{"allow":["GET"]}}],"collection":[{"href":"https:\/\/divainers.com\/pl\/wp-json\/wp\/v2\/product"}],"about":[{"href":"https:\/\/divainers.com\/pl\/wp-json\/wp\/v2\/types\/product"}],"replies":[{"embeddable":true,"href":"https:\/\/divainers.com\/pl\/wp-json\/wp\/v2\/comments?post=7076"}],"wp:featuredmedia":[{"embeddable":true,"href":"https:\/\/divainers.com\/pl\/wp-json\/wp\/v2\/media\/7078"}],"wp:attachment":[{"href":"https:\/\/divainers.com\/pl\/wp-json\/wp\/v2\/media?parent=7076"}],"wp:term":[{"taxonomy":"product_brand","embeddable":true,"href":"https:\/\/divainers.com\/pl\/wp-json\/wp\/v2\/product_brand?post=7076"},{"taxonomy":"product_cat","embeddable":true,"href":"https:\/\/divainers.com\/pl\/wp-json\/wp\/v2\/product_cat?post=7076"},{"taxonomy":"product_tag","embeddable":true,"href":"https:\/\/divainers.com\/pl\/wp-json\/wp\/v2\/product_tag?post=7076"}],"curies":[{"name":"wp","href":"https:\/\/api.w.org\/{rel}","templated":true}]}}