{"id":7256,"date":"2025-01-31T08:31:49","date_gmt":"2025-01-31T07:31:49","guid":{"rendered":"https:\/\/divainers.com\/producto\/divain-281\/"},"modified":"2026-04-30T09:44:08","modified_gmt":"2026-04-30T07:44:08","slug":"divain-281","status":"publish","type":"product","link":"https:\/\/divainers.com\/pl\/producto\/divain-281\/","title":{"rendered":"divain.281"},"content":{"rendered":"<p>To g\u0142\u0119boki i wyrafinowany zapach, kt\u00f3ry wyr\u00f3\u017cnia si\u0119 intensywn\u0105 obecno\u015bci\u0105 oudu, cennej \u017cywicy znanej ze swojego ciep\u0142ego, ziemistego i drzewnego aromatu. Zapach otwiera si\u0119 \u015bwie\u017cymi i korzennymi nutami, uzupe\u0142nionymi mocnym charakterem oudu, kt\u00f3ry splata si\u0119 z nut\u0105 r\u00f3\u017cy i kwiatu szafranu w sercu. W bazie znajduj\u0105 si\u0119 nuty sk\u00f3ry, drewna cedrowego i pi\u017cma, nadaj\u0105ce ciep\u0142\u0105 i otulaj\u0105c\u0105 podstaw\u0119. To perfumy, kt\u00f3re przywo\u0142uj\u0105 luksus, elegancj\u0119 i ekskluzywno\u015b\u0107, idealne na specjalne okazje i dla tych, kt\u00f3rzy szukaj\u0105 wyrazistego i trwa\u0142ego zapachu.<\/p>\n","protected":false},"excerpt":{"rendered":"<p>Przypomina Oud od Acqua di Parma<\/p>\n","protected":false},"featured_media":7258,"comment_status":"open","ping_status":"closed","template":"","meta":[],"product_brand":[],"product_cat":[1378],"product_tag":[1363],"class_list":{"0":"post-7256","1":"product","2":"type-product","3":"status-publish","4":"has-post-thumbnail","6":"product_cat-acqua-di-parma","7":"product_tag-mezczyzni","9":"first","10":"instock","11":"shipping-taxable","12":"product-type-simple"},"_links":{"self":[{"href":"https:\/\/divainers.com\/pl\/wp-json\/wp\/v2\/product\/7256","targetHints":{"allow":["GET"]}}],"collection":[{"href":"https:\/\/divainers.com\/pl\/wp-json\/wp\/v2\/product"}],"about":[{"href":"https:\/\/divainers.com\/pl\/wp-json\/wp\/v2\/types\/product"}],"replies":[{"embeddable":true,"href":"https:\/\/divainers.com\/pl\/wp-json\/wp\/v2\/comments?post=7256"}],"wp:featuredmedia":[{"embeddable":true,"href":"https:\/\/divainers.com\/pl\/wp-json\/wp\/v2\/media\/7258"}],"wp:attachment":[{"href":"https:\/\/divainers.com\/pl\/wp-json\/wp\/v2\/media?parent=7256"}],"wp:term":[{"taxonomy":"product_brand","embeddable":true,"href":"https:\/\/divainers.com\/pl\/wp-json\/wp\/v2\/product_brand?post=7256"},{"taxonomy":"product_cat","embeddable":true,"href":"https:\/\/divainers.com\/pl\/wp-json\/wp\/v2\/product_cat?post=7256"},{"taxonomy":"product_tag","embeddable":true,"href":"https:\/\/divainers.com\/pl\/wp-json\/wp\/v2\/product_tag?post=7256"}],"curies":[{"name":"wp","href":"https:\/\/api.w.org\/{rel}","templated":true}]}}