{"id":7259,"date":"2025-01-31T08:31:49","date_gmt":"2025-01-31T07:31:49","guid":{"rendered":"https:\/\/divainers.com\/producto\/divain-770\/"},"modified":"2026-04-30T09:44:09","modified_gmt":"2026-04-30T07:44:09","slug":"divain-770","status":"publish","type":"product","link":"https:\/\/divainers.com\/pl\/producto\/divain-770\/","title":{"rendered":"divain.770"},"content":{"rendered":"<p>Ten uniseks zapach otwiera si\u0119 po\u0142\u0105czeniem nut cytrusowych i przyprawowych, gdzie bergamotka z Kalabrii i \u017c\u00f3\u0142ta mandarynka wnosz\u0105 \u015bwie\u017co\u015b\u0107, a r\u00f3\u017cowy pieprz dodaje subtelny i intryguj\u0105cy akcent. W sercu splataj\u0105 si\u0119 kwiat wi\u015bni i ja\u015bmin sambac, przywo\u0142uj\u0105c spok\u00f3j i pi\u0119kno japo\u0144skich kwitn\u0105cych ogrod\u00f3w. Baz\u0105 jest pi\u017cmo, kt\u00f3re oferuje ciep\u0142\u0105 i zmys\u0142ow\u0105 mi\u0119kko\u015b\u0107, przed\u0142u\u017caj\u0105c doznania zapachowe na sk\u00f3rze. Ten zapach uchwyca istot\u0119 japo\u0144skiej wiosny, dostarczaj\u0105c uczucie \u015bwie\u017co\u015bci i elegancji przy ka\u017cdym u\u017cyciu.<\/p>\n","protected":false},"excerpt":{"rendered":"<p>Przypomina Sakura EDP od Acqua di Parma<\/p>\n","protected":false},"featured_media":7262,"comment_status":"open","ping_status":"closed","template":"","meta":[],"product_brand":[],"product_cat":[1378],"product_tag":[1379],"class_list":{"0":"post-7259","1":"product","2":"type-product","3":"status-publish","4":"has-post-thumbnail","6":"product_cat-acqua-di-parma","7":"product_tag-unisex","9":"first","10":"instock","11":"shipping-taxable","12":"product-type-simple"},"_links":{"self":[{"href":"https:\/\/divainers.com\/pl\/wp-json\/wp\/v2\/product\/7259","targetHints":{"allow":["GET"]}}],"collection":[{"href":"https:\/\/divainers.com\/pl\/wp-json\/wp\/v2\/product"}],"about":[{"href":"https:\/\/divainers.com\/pl\/wp-json\/wp\/v2\/types\/product"}],"replies":[{"embeddable":true,"href":"https:\/\/divainers.com\/pl\/wp-json\/wp\/v2\/comments?post=7259"}],"wp:featuredmedia":[{"embeddable":true,"href":"https:\/\/divainers.com\/pl\/wp-json\/wp\/v2\/media\/7262"}],"wp:attachment":[{"href":"https:\/\/divainers.com\/pl\/wp-json\/wp\/v2\/media?parent=7259"}],"wp:term":[{"taxonomy":"product_brand","embeddable":true,"href":"https:\/\/divainers.com\/pl\/wp-json\/wp\/v2\/product_brand?post=7259"},{"taxonomy":"product_cat","embeddable":true,"href":"https:\/\/divainers.com\/pl\/wp-json\/wp\/v2\/product_cat?post=7259"},{"taxonomy":"product_tag","embeddable":true,"href":"https:\/\/divainers.com\/pl\/wp-json\/wp\/v2\/product_tag?post=7259"}],"curies":[{"name":"wp","href":"https:\/\/api.w.org\/{rel}","templated":true}]}}