{"id":7335,"date":"2025-01-31T08:31:50","date_gmt":"2025-01-31T07:31:50","guid":{"rendered":"https:\/\/divainers.com\/producto\/divain-086\/"},"modified":"2026-04-30T09:44:43","modified_gmt":"2026-04-30T07:44:43","slug":"divain-086","status":"publish","type":"product","link":"https:\/\/divainers.com\/pl\/producto\/divain-086\/","title":{"rendered":"divain.086"},"content":{"rendered":"<p>Delikatny i ponadczasowy zapach, kt\u00f3ry uchwyca \u015bwie\u017co\u015b\u0107 i naturaln\u0105 elegancj\u0119 r\u00f3\u017c w ich najpe\u0142niejszym wyrazie. Jego jasne otwarcie z cytrusami i zielonymi li\u015b\u0107mi przynosi orze\u017awiaj\u0105ce i lekkie doznania. W sercu bu\u0142garska r\u00f3\u017ca i konwalia otulaj\u0105 zapach czyst\u0105 i wyrafinowan\u0105 kobieco\u015bci\u0105. U podstawy pi\u017cmo i sanda\u0142owiec tworz\u0105 mi\u0119kki i otulaj\u0105cy \u015blad, idealny dla romantycznej, spokojnej kobiety z naturalnym urokiem, kt\u00f3ra zostawia trwa\u0142e wra\u017cenie.<\/p>\n","protected":false},"excerpt":{"rendered":"<p>Przypomina Agua fresca de rosas de Adolfo Dominguez<\/p>\n","protected":false},"featured_media":7338,"comment_status":"open","ping_status":"closed","template":"","meta":[],"product_brand":[],"product_cat":[1441],"product_tag":[1442],"class_list":{"0":"post-7335","1":"product","2":"type-product","3":"status-publish","4":"has-post-thumbnail","6":"product_cat-adolfo-dominguez","7":"product_tag-kobiety","9":"first","10":"instock","11":"shipping-taxable","12":"product-type-simple"},"_links":{"self":[{"href":"https:\/\/divainers.com\/pl\/wp-json\/wp\/v2\/product\/7335","targetHints":{"allow":["GET"]}}],"collection":[{"href":"https:\/\/divainers.com\/pl\/wp-json\/wp\/v2\/product"}],"about":[{"href":"https:\/\/divainers.com\/pl\/wp-json\/wp\/v2\/types\/product"}],"replies":[{"embeddable":true,"href":"https:\/\/divainers.com\/pl\/wp-json\/wp\/v2\/comments?post=7335"}],"wp:featuredmedia":[{"embeddable":true,"href":"https:\/\/divainers.com\/pl\/wp-json\/wp\/v2\/media\/7338"}],"wp:attachment":[{"href":"https:\/\/divainers.com\/pl\/wp-json\/wp\/v2\/media?parent=7335"}],"wp:term":[{"taxonomy":"product_brand","embeddable":true,"href":"https:\/\/divainers.com\/pl\/wp-json\/wp\/v2\/product_brand?post=7335"},{"taxonomy":"product_cat","embeddable":true,"href":"https:\/\/divainers.com\/pl\/wp-json\/wp\/v2\/product_cat?post=7335"},{"taxonomy":"product_tag","embeddable":true,"href":"https:\/\/divainers.com\/pl\/wp-json\/wp\/v2\/product_tag?post=7335"}],"curies":[{"name":"wp","href":"https:\/\/api.w.org\/{rel}","templated":true}]}}