{"id":7353,"date":"2025-01-31T08:31:50","date_gmt":"2025-01-31T07:31:50","guid":{"rendered":"https:\/\/divainers.com\/producto\/divain-049\/"},"modified":"2026-04-30T09:44:50","modified_gmt":"2026-04-30T07:44:50","slug":"divain-049","status":"publish","type":"product","link":"https:\/\/divainers.com\/pl\/producto\/divain-049\/","title":{"rendered":"divain.049"},"content":{"rendered":"<p>\u015awie\u017cy i naturalny zapach, kt\u00f3ry przywo\u0142uje spok\u00f3j i r\u00f3wnowag\u0119 natury. Jego \u017cywe otwarcie z nutami cytrus\u00f3w i zieleni daje lekkie i orze\u017awiaj\u0105ce wra\u017cenie, podczas gdy aromatyczne serce z bambusa i delikatnych przypraw dodaje egzotycznego i wyrafinowanego akcentu. W bazie cedr, bursztyn i pi\u017cmo tworz\u0105 ciep\u0142y i otulaj\u0105cy \u015blad, idealny dla m\u0119\u017cczyzny poszukuj\u0105cego \u015bwie\u017co\u015bci, elegancji i harmonii na co dzie\u0144.<\/p>\n","protected":false},"excerpt":{"rendered":"<p>Przypomina Bamb\u00fa od Adolfo Dominguez<\/p>\n","protected":false},"featured_media":7356,"comment_status":"open","ping_status":"closed","template":"","meta":[],"product_brand":[],"product_cat":[1441],"product_tag":[1363],"class_list":{"0":"post-7353","1":"product","2":"type-product","3":"status-publish","4":"has-post-thumbnail","6":"product_cat-adolfo-dominguez","7":"product_tag-mezczyzni","9":"first","10":"instock","11":"shipping-taxable","12":"product-type-simple"},"_links":{"self":[{"href":"https:\/\/divainers.com\/pl\/wp-json\/wp\/v2\/product\/7353","targetHints":{"allow":["GET"]}}],"collection":[{"href":"https:\/\/divainers.com\/pl\/wp-json\/wp\/v2\/product"}],"about":[{"href":"https:\/\/divainers.com\/pl\/wp-json\/wp\/v2\/types\/product"}],"replies":[{"embeddable":true,"href":"https:\/\/divainers.com\/pl\/wp-json\/wp\/v2\/comments?post=7353"}],"wp:featuredmedia":[{"embeddable":true,"href":"https:\/\/divainers.com\/pl\/wp-json\/wp\/v2\/media\/7356"}],"wp:attachment":[{"href":"https:\/\/divainers.com\/pl\/wp-json\/wp\/v2\/media?parent=7353"}],"wp:term":[{"taxonomy":"product_brand","embeddable":true,"href":"https:\/\/divainers.com\/pl\/wp-json\/wp\/v2\/product_brand?post=7353"},{"taxonomy":"product_cat","embeddable":true,"href":"https:\/\/divainers.com\/pl\/wp-json\/wp\/v2\/product_cat?post=7353"},{"taxonomy":"product_tag","embeddable":true,"href":"https:\/\/divainers.com\/pl\/wp-json\/wp\/v2\/product_tag?post=7353"}],"curies":[{"name":"wp","href":"https:\/\/api.w.org\/{rel}","templated":true}]}}