{"id":7373,"date":"2025-01-31T08:31:50","date_gmt":"2025-01-31T07:31:50","guid":{"rendered":"https:\/\/divainers.com\/producto\/divain-031\/"},"modified":"2026-04-30T09:44:54","modified_gmt":"2026-04-30T07:44:54","slug":"divain-031","status":"publish","type":"product","link":"https:\/\/divainers.com\/pl\/producto\/divain-031\/","title":{"rendered":"divain.031"},"content":{"rendered":"<p>Naturalny i orze\u017awiaj\u0105cy zapach, kt\u00f3ry przywo\u0142uje \u015bwie\u017co\u015b\u0107 natury w jej najczystszej formie. Cytrusowe nuty g\u0142owy bergamotki i mandarynki \u0142\u0105cz\u0105 si\u0119 z aromatycznym sercem rozmarynu, lawendy i kolendry, tworz\u0105c uczucie czysto\u015bci i energii. W bazie mech d\u0119bowy, wetiwer i sanda\u0142owiec dodaj\u0105 g\u0142\u0119bi i elegancji, pozostawiaj\u0105c lekk\u0105, ale wyrafinowan\u0105 nut\u0119. Idealny dla tych, kt\u00f3rzy szukaj\u0105 \u015bwie\u017cego, zr\u00f3wnowa\u017conego i ponadczasowego zapachu.<\/p>\n","protected":false},"excerpt":{"rendered":"<p>Przypomina Agua Fresca od Adolfo Dominguez<\/p>\n","protected":false},"featured_media":7376,"comment_status":"open","ping_status":"closed","template":"","meta":[],"product_brand":[],"product_cat":[1441],"product_tag":[1363],"class_list":{"0":"post-7373","1":"product","2":"type-product","3":"status-publish","4":"has-post-thumbnail","6":"product_cat-adolfo-dominguez","7":"product_tag-mezczyzni","9":"first","10":"instock","11":"shipping-taxable","12":"product-type-simple"},"_links":{"self":[{"href":"https:\/\/divainers.com\/pl\/wp-json\/wp\/v2\/product\/7373","targetHints":{"allow":["GET"]}}],"collection":[{"href":"https:\/\/divainers.com\/pl\/wp-json\/wp\/v2\/product"}],"about":[{"href":"https:\/\/divainers.com\/pl\/wp-json\/wp\/v2\/types\/product"}],"replies":[{"embeddable":true,"href":"https:\/\/divainers.com\/pl\/wp-json\/wp\/v2\/comments?post=7373"}],"wp:featuredmedia":[{"embeddable":true,"href":"https:\/\/divainers.com\/pl\/wp-json\/wp\/v2\/media\/7376"}],"wp:attachment":[{"href":"https:\/\/divainers.com\/pl\/wp-json\/wp\/v2\/media?parent=7373"}],"wp:term":[{"taxonomy":"product_brand","embeddable":true,"href":"https:\/\/divainers.com\/pl\/wp-json\/wp\/v2\/product_brand?post=7373"},{"taxonomy":"product_cat","embeddable":true,"href":"https:\/\/divainers.com\/pl\/wp-json\/wp\/v2\/product_cat?post=7373"},{"taxonomy":"product_tag","embeddable":true,"href":"https:\/\/divainers.com\/pl\/wp-json\/wp\/v2\/product_tag?post=7373"}],"curies":[{"name":"wp","href":"https:\/\/api.w.org\/{rel}","templated":true}]}}