{"id":750,"date":"2025-01-31T08:32:41","date_gmt":"2025-01-31T07:32:41","guid":{"rendered":"https:\/\/divainers.com\/producto\/divain-888\/"},"modified":"2026-04-30T16:15:12","modified_gmt":"2026-04-30T14:15:12","slug":"divain-888","status":"publish","type":"product","link":"https:\/\/divainers.com\/pl\/producto\/divain-888\/","title":{"rendered":"divain.888"},"content":{"rendered":"<p>Zamislite miris koji budi osjetila so\u010dnim po\u010detkom od \u0161ljive mirabel, pra\u0107en toplim i ugodnim srcem od pe\u010denog kestena. U bazi, sandalovina donosi drvenastu i kremastu dubinu, stvaraju\u0107i senzualan i obavijaju\u0107i trag. Ova kompozicija nudi sofisticirano i hrabro mirisno iskustvo, savr\u0161eno za one koji tra\u017ee parfem koji spaja vo\u0107ne, slatke i drvenaste note u savr\u0161enoj harmoniji.<\/p>\n","protected":false},"excerpt":{"rendered":"<p>Podsje\u0107a na Scandal Absolu od Jean Paul Gaultier<\/p>\n","protected":false},"featured_media":15829,"comment_status":"open","ping_status":"closed","template":"","meta":[],"product_brand":[],"product_cat":[1291],"product_tag":[1456],"class_list":{"0":"post-750","1":"product","2":"type-product","3":"status-publish","4":"has-post-thumbnail","6":"product_cat-jean-paul-gaultier","7":"product_tag-1456","9":"first","10":"instock","11":"shipping-taxable","12":"product-type-simple"},"_links":{"self":[{"href":"https:\/\/divainers.com\/pl\/wp-json\/wp\/v2\/product\/750","targetHints":{"allow":["GET"]}}],"collection":[{"href":"https:\/\/divainers.com\/pl\/wp-json\/wp\/v2\/product"}],"about":[{"href":"https:\/\/divainers.com\/pl\/wp-json\/wp\/v2\/types\/product"}],"replies":[{"embeddable":true,"href":"https:\/\/divainers.com\/pl\/wp-json\/wp\/v2\/comments?post=750"}],"wp:featuredmedia":[{"embeddable":true,"href":"https:\/\/divainers.com\/pl\/wp-json\/wp\/v2\/media\/15829"}],"wp:attachment":[{"href":"https:\/\/divainers.com\/pl\/wp-json\/wp\/v2\/media?parent=750"}],"wp:term":[{"taxonomy":"product_brand","embeddable":true,"href":"https:\/\/divainers.com\/pl\/wp-json\/wp\/v2\/product_brand?post=750"},{"taxonomy":"product_cat","embeddable":true,"href":"https:\/\/divainers.com\/pl\/wp-json\/wp\/v2\/product_cat?post=750"},{"taxonomy":"product_tag","embeddable":true,"href":"https:\/\/divainers.com\/pl\/wp-json\/wp\/v2\/product_tag?post=750"}],"curies":[{"name":"wp","href":"https:\/\/api.w.org\/{rel}","templated":true}]}}