{"id":7649,"date":"2025-01-31T08:32:01","date_gmt":"2025-01-31T07:32:01","guid":{"rendered":"https:\/\/divainers.com\/producto\/divain-003\/"},"modified":"2026-04-30T09:47:10","modified_gmt":"2026-04-30T07:47:10","slug":"divain-003","status":"publish","type":"product","link":"https:\/\/divainers.com\/pl\/producto\/divain-003\/","title":{"rendered":"divain.003"},"content":{"rendered":"<p>Wyobra\u017a sobie zmys\u0142ow\u0105 podr\u00f3\u017c, gdzie ponadczasowa elegancja spotyka si\u0119 z przygod\u0105. Ta kompozycja \u0142\u0105czy ciep\u0142o sk\u00f3ry i wanilii z korzennym magnetyzmem szafranu i ga\u0142ki muszkato\u0142owej. Nutka \u015bwie\u017cych cytrus\u00f3w splata si\u0119 z sercem z szlachetnych drzew i otulaj\u0105c\u0105 baz\u0105 z bursztynu i wetiweru, tworz\u0105c wyrafinowany, m\u0119ski i uwodzicielski zapach. Idealny dla tych, kt\u00f3rzy szukaj\u0105 wyj\u0105tkowo\u015bci i charakteru w ka\u017cdej esencji.<\/p>\n","protected":false},"excerpt":{"rendered":"<p>Przypomina CH Men od Carolina Herrera<\/p>\n","protected":false},"featured_media":7648,"comment_status":"open","ping_status":"closed","template":"","meta":[],"product_brand":[],"product_cat":[1540],"product_tag":[1363],"class_list":{"0":"post-7649","1":"product","2":"type-product","3":"status-publish","4":"has-post-thumbnail","6":"product_cat-carolina-herrera","7":"product_tag-mezczyzni","9":"first","10":"instock","11":"shipping-taxable","12":"product-type-simple"},"_links":{"self":[{"href":"https:\/\/divainers.com\/pl\/wp-json\/wp\/v2\/product\/7649","targetHints":{"allow":["GET"]}}],"collection":[{"href":"https:\/\/divainers.com\/pl\/wp-json\/wp\/v2\/product"}],"about":[{"href":"https:\/\/divainers.com\/pl\/wp-json\/wp\/v2\/types\/product"}],"replies":[{"embeddable":true,"href":"https:\/\/divainers.com\/pl\/wp-json\/wp\/v2\/comments?post=7649"}],"wp:featuredmedia":[{"embeddable":true,"href":"https:\/\/divainers.com\/pl\/wp-json\/wp\/v2\/media\/7648"}],"wp:attachment":[{"href":"https:\/\/divainers.com\/pl\/wp-json\/wp\/v2\/media?parent=7649"}],"wp:term":[{"taxonomy":"product_brand","embeddable":true,"href":"https:\/\/divainers.com\/pl\/wp-json\/wp\/v2\/product_brand?post=7649"},{"taxonomy":"product_cat","embeddable":true,"href":"https:\/\/divainers.com\/pl\/wp-json\/wp\/v2\/product_cat?post=7649"},{"taxonomy":"product_tag","embeddable":true,"href":"https:\/\/divainers.com\/pl\/wp-json\/wp\/v2\/product_tag?post=7649"}],"curies":[{"name":"wp","href":"https:\/\/api.w.org\/{rel}","templated":true}]}}