{"id":7689,"date":"2025-01-31T08:32:01","date_gmt":"2025-01-31T07:32:01","guid":{"rendered":"https:\/\/divainers.com\/producto\/divain-004\/"},"modified":"2026-04-30T09:47:22","modified_gmt":"2026-04-30T07:47:22","slug":"divain-004","status":"publish","type":"product","link":"https:\/\/divainers.com\/pl\/producto\/divain-004\/","title":{"rendered":"divain.004"},"content":{"rendered":"<p>Eksplozja \u015bwie\u017co\u015bci i dynamizmu, kt\u00f3ra przywo\u0142uje wibracyjn\u0105 energi\u0119 miasta. Ta kompozycja \u0142\u0105czy orze\u017awiaj\u0105ce nuty cytrusowe z korzennym sercem pieprzu i imbiru, tworz\u0105c wyrafinowany i nowoczesny kontrast. Drewniana baza z akcentami pi\u017cma i drzewa sanda\u0142owego dodaje g\u0142\u0119bi i magnetyzmu, pozostawiaj\u0105c elegancki i uwodzicielski \u015blad. Idealna dla kosmopolitycznego m\u0119\u017cczyzny, pewnego siebie i o niepowtarzalnym stylu.<\/p>\n","protected":false},"excerpt":{"rendered":"<p>Przypomina 212 Men od Carolina Herrera<\/p>\n","protected":false},"featured_media":7688,"comment_status":"open","ping_status":"closed","template":"","meta":[],"product_brand":[],"product_cat":[1540],"product_tag":[1363],"class_list":{"0":"post-7689","1":"product","2":"type-product","3":"status-publish","4":"has-post-thumbnail","6":"product_cat-carolina-herrera","7":"product_tag-mezczyzni","9":"first","10":"instock","11":"shipping-taxable","12":"product-type-simple"},"_links":{"self":[{"href":"https:\/\/divainers.com\/pl\/wp-json\/wp\/v2\/product\/7689","targetHints":{"allow":["GET"]}}],"collection":[{"href":"https:\/\/divainers.com\/pl\/wp-json\/wp\/v2\/product"}],"about":[{"href":"https:\/\/divainers.com\/pl\/wp-json\/wp\/v2\/types\/product"}],"replies":[{"embeddable":true,"href":"https:\/\/divainers.com\/pl\/wp-json\/wp\/v2\/comments?post=7689"}],"wp:featuredmedia":[{"embeddable":true,"href":"https:\/\/divainers.com\/pl\/wp-json\/wp\/v2\/media\/7688"}],"wp:attachment":[{"href":"https:\/\/divainers.com\/pl\/wp-json\/wp\/v2\/media?parent=7689"}],"wp:term":[{"taxonomy":"product_brand","embeddable":true,"href":"https:\/\/divainers.com\/pl\/wp-json\/wp\/v2\/product_brand?post=7689"},{"taxonomy":"product_cat","embeddable":true,"href":"https:\/\/divainers.com\/pl\/wp-json\/wp\/v2\/product_cat?post=7689"},{"taxonomy":"product_tag","embeddable":true,"href":"https:\/\/divainers.com\/pl\/wp-json\/wp\/v2\/product_tag?post=7689"}],"curies":[{"name":"wp","href":"https:\/\/api.w.org\/{rel}","templated":true}]}}