{"id":7817,"date":"2025-01-31T08:31:51","date_gmt":"2025-01-31T07:31:51","guid":{"rendered":"https:\/\/divainers.com\/producto\/divain-411\/"},"modified":"2026-04-30T09:48:00","modified_gmt":"2026-04-30T07:48:00","slug":"divain-411","status":"publish","type":"product","link":"https:\/\/divainers.com\/pl\/producto\/divain-411\/","title":{"rendered":"divain.411"},"content":{"rendered":"<p>Perfumy, kt\u00f3re \u0142\u0105cz\u0105 \u015bwie\u017co\u015b\u0107 i g\u0142\u0119bi\u0119 w urzekaj\u0105cej kompozycji aromatycznych i \u017cywicznych nut. Otwarcie jest \u017cywe i korzenne, z mentolowym akcentem, kt\u00f3ry przynosi uczucie orze\u017awienia i energii. W miar\u0119 rozwoju ujawnia si\u0119 ciep\u0142e i ziemiste serce, gdzie drewno i \u017cywice splataj\u0105 si\u0119 z balsamicznymi i dymnymi akordami. Baza jest bogata i trwa\u0142a, z nutami bursztynu i sk\u00f3ry, kt\u00f3re dodaj\u0105 trwa\u0142ej elegancji. Idealne dla tych, kt\u00f3rzy szukaj\u0105 wyrafinowanego i otulaj\u0105cego zapachu z intryguj\u0105cym kontrastem mi\u0119dzy \u015bwie\u017co\u015bci\u0105 a ciep\u0142em.<\/p>\n","protected":false},"excerpt":{"rendered":"<p>Przypomina Enclave od Amouage<\/p>\n","protected":false},"featured_media":7815,"comment_status":"open","ping_status":"closed","template":"","meta":[],"product_brand":[],"product_cat":[1565],"product_tag":[1379],"class_list":{"0":"post-7817","1":"product","2":"type-product","3":"status-publish","4":"has-post-thumbnail","6":"product_cat-amouage","7":"product_tag-unisex","9":"first","10":"instock","11":"shipping-taxable","12":"product-type-simple"},"_links":{"self":[{"href":"https:\/\/divainers.com\/pl\/wp-json\/wp\/v2\/product\/7817","targetHints":{"allow":["GET"]}}],"collection":[{"href":"https:\/\/divainers.com\/pl\/wp-json\/wp\/v2\/product"}],"about":[{"href":"https:\/\/divainers.com\/pl\/wp-json\/wp\/v2\/types\/product"}],"replies":[{"embeddable":true,"href":"https:\/\/divainers.com\/pl\/wp-json\/wp\/v2\/comments?post=7817"}],"wp:featuredmedia":[{"embeddable":true,"href":"https:\/\/divainers.com\/pl\/wp-json\/wp\/v2\/media\/7815"}],"wp:attachment":[{"href":"https:\/\/divainers.com\/pl\/wp-json\/wp\/v2\/media?parent=7817"}],"wp:term":[{"taxonomy":"product_brand","embeddable":true,"href":"https:\/\/divainers.com\/pl\/wp-json\/wp\/v2\/product_brand?post=7817"},{"taxonomy":"product_cat","embeddable":true,"href":"https:\/\/divainers.com\/pl\/wp-json\/wp\/v2\/product_cat?post=7817"},{"taxonomy":"product_tag","embeddable":true,"href":"https:\/\/divainers.com\/pl\/wp-json\/wp\/v2\/product_tag?post=7817"}],"curies":[{"name":"wp","href":"https:\/\/api.w.org\/{rel}","templated":true}]}}