{"id":7860,"date":"2025-01-31T08:31:51","date_gmt":"2025-01-31T07:31:51","guid":{"rendered":"https:\/\/divainers.com\/producto\/divain-153\/"},"modified":"2026-04-30T09:48:13","modified_gmt":"2026-04-30T07:48:13","slug":"divain-153","status":"publish","type":"product","link":"https:\/\/divainers.com\/pl\/producto\/divain-153\/","title":{"rendered":"divain.153"},"content":{"rendered":"<p>Elegancki i ponadczasowy zapach, kt\u00f3ry otula zmys\u0142y swoj\u0105 wyrafinowan\u0105 \u015bwie\u017co\u015bci\u0105 i delikatn\u0105 kobieco\u015bci\u0105. Cytrusowe otwarcie bergamotki i mandarynki przynosi jasne i \u017cywe doznania. W sercu rozwija si\u0119 wyrafinowany bukiet frezji, konwalii i ja\u015bminu, ods\u0142aniaj\u0105cy czyst\u0105 i subtelnie uwodzicielsk\u0105 kwiatow\u0105 esencj\u0119. W bazie bia\u0142y pi\u017cmo, ambra i sanda\u0142owiec tworz\u0105 mi\u0119kki, ciep\u0142y i otulaj\u0105cy \u015blad, idealny dla kobiety wyrafinowanej, naturalnej, o dyskretnym, lecz niezapomnianym uroku.<\/p>\n","protected":false},"excerpt":{"rendered":"<p>Przypomina Angel Schlesser Femme od Angel Schlesser<\/p>\n","protected":false},"featured_media":7858,"comment_status":"open","ping_status":"closed","template":"","meta":[],"product_brand":[],"product_cat":[1587],"product_tag":[1442],"class_list":{"0":"post-7860","1":"product","2":"type-product","3":"status-publish","4":"has-post-thumbnail","6":"product_cat-angel-schlesser","7":"product_tag-kobiety","9":"first","10":"instock","11":"shipping-taxable","12":"product-type-simple"},"_links":{"self":[{"href":"https:\/\/divainers.com\/pl\/wp-json\/wp\/v2\/product\/7860","targetHints":{"allow":["GET"]}}],"collection":[{"href":"https:\/\/divainers.com\/pl\/wp-json\/wp\/v2\/product"}],"about":[{"href":"https:\/\/divainers.com\/pl\/wp-json\/wp\/v2\/types\/product"}],"replies":[{"embeddable":true,"href":"https:\/\/divainers.com\/pl\/wp-json\/wp\/v2\/comments?post=7860"}],"wp:featuredmedia":[{"embeddable":true,"href":"https:\/\/divainers.com\/pl\/wp-json\/wp\/v2\/media\/7858"}],"wp:attachment":[{"href":"https:\/\/divainers.com\/pl\/wp-json\/wp\/v2\/media?parent=7860"}],"wp:term":[{"taxonomy":"product_brand","embeddable":true,"href":"https:\/\/divainers.com\/pl\/wp-json\/wp\/v2\/product_brand?post=7860"},{"taxonomy":"product_cat","embeddable":true,"href":"https:\/\/divainers.com\/pl\/wp-json\/wp\/v2\/product_cat?post=7860"},{"taxonomy":"product_tag","embeddable":true,"href":"https:\/\/divainers.com\/pl\/wp-json\/wp\/v2\/product_tag?post=7860"}],"curies":[{"name":"wp","href":"https:\/\/api.w.org\/{rel}","templated":true}]}}