{"id":7902,"date":"2025-01-31T08:31:51","date_gmt":"2025-01-31T07:31:51","guid":{"rendered":"https:\/\/divainers.com\/producto\/divain-948\/"},"modified":"2026-04-30T09:48:31","modified_gmt":"2026-04-30T07:48:31","slug":"divain-948","status":"publish","type":"product","link":"https:\/\/divainers.com\/pl\/producto\/divain-948\/","title":{"rendered":"divain.948"},"content":{"rendered":"<p>Delikatny i otulaj\u0105cy zapach, kt\u00f3ry przywo\u0142uje uczucie lekko\u015bci i spokoju, jak unoszenie si\u0119 w\u015br\u00f3d chmur w ciep\u0142y dzie\u0144. Od pocz\u0105tku owocowe nuty lawendy i gruszki wprowadzaj\u0105 \u015bwie\u017co\u015b\u0107, z\u0142agodzon\u0105 kremowym akcentem kokosa, dodaj\u0105cym lekkiej i relaksuj\u0105cej s\u0142odyczy. W miar\u0119 rozwijania si\u0119 zapachu kwiatowe nuty ja\u015bminu i konwalii nadaj\u0105 mu delikatn\u0105 i kobiec\u0105 elegancj\u0119, tworz\u0105c eteryczn\u0105 mi\u0119kko\u015b\u0107, kt\u00f3ra otula sk\u00f3r\u0119. Baza, podkre\u015blona pi\u017cmem i karmelem, zapewnia ciep\u0142\u0105 i koj\u0105c\u0105 podstaw\u0119, kt\u00f3ra \u0142\u0105czy si\u0119 z l\u017cejszymi nutami, pozostawiaj\u0105c \u015blad, kt\u00f3ry jest zar\u00f3wno otulaj\u0105cy, jak i relaksuj\u0105cy. Ten zapach jest idealny dla os\u00f3b poszukuj\u0105cych mi\u0119kkiego, s\u0142odkiego i spokojnego doznania zapachowego, idealnego na co dzie\u0144, przekazuj\u0105c uczucie spokoju i \u015bwie\u017co\u015bci.<\/p>\n","protected":false},"excerpt":{"rendered":"<p>Przypomina Cloud od Ariana Grande<\/p>\n","protected":false},"featured_media":7898,"comment_status":"open","ping_status":"closed","template":"","meta":[],"product_brand":[],"product_cat":[1608],"product_tag":[1442],"class_list":{"0":"post-7902","1":"product","2":"type-product","3":"status-publish","4":"has-post-thumbnail","6":"product_cat-ariana-grande","7":"product_tag-kobiety","9":"first","10":"instock","11":"shipping-taxable","12":"product-type-simple"},"_links":{"self":[{"href":"https:\/\/divainers.com\/pl\/wp-json\/wp\/v2\/product\/7902","targetHints":{"allow":["GET"]}}],"collection":[{"href":"https:\/\/divainers.com\/pl\/wp-json\/wp\/v2\/product"}],"about":[{"href":"https:\/\/divainers.com\/pl\/wp-json\/wp\/v2\/types\/product"}],"replies":[{"embeddable":true,"href":"https:\/\/divainers.com\/pl\/wp-json\/wp\/v2\/comments?post=7902"}],"wp:featuredmedia":[{"embeddable":true,"href":"https:\/\/divainers.com\/pl\/wp-json\/wp\/v2\/media\/7898"}],"wp:attachment":[{"href":"https:\/\/divainers.com\/pl\/wp-json\/wp\/v2\/media?parent=7902"}],"wp:term":[{"taxonomy":"product_brand","embeddable":true,"href":"https:\/\/divainers.com\/pl\/wp-json\/wp\/v2\/product_brand?post=7902"},{"taxonomy":"product_cat","embeddable":true,"href":"https:\/\/divainers.com\/pl\/wp-json\/wp\/v2\/product_cat?post=7902"},{"taxonomy":"product_tag","embeddable":true,"href":"https:\/\/divainers.com\/pl\/wp-json\/wp\/v2\/product_tag?post=7902"}],"curies":[{"name":"wp","href":"https:\/\/api.w.org\/{rel}","templated":true}]}}