{"id":7945,"date":"2025-01-31T08:31:51","date_gmt":"2025-01-31T07:31:51","guid":{"rendered":"https:\/\/divainers.com\/producto\/divain-457\/"},"modified":"2026-04-30T09:48:51","modified_gmt":"2026-04-30T07:48:51","slug":"divain-457","status":"publish","type":"product","link":"https:\/\/divainers.com\/pl\/producto\/divain-457\/","title":{"rendered":"divain.457"},"content":{"rendered":"<p>\u015amia\u0142y i magnetyczny zapach, kt\u00f3ry emanuje elegancj\u0105 i charakterem w ka\u017cdej nucie. Otwarcie jest \u017cywe i cytrusowe, z eksplozj\u0105 cytryny, ananasa i bergamotki, kt\u00f3re budz\u0105 zmys\u0142y intensywn\u0105 \u015bwie\u017co\u015bci\u0105. W sercu brzoza i ja\u015bmin dodaj\u0105 g\u0142\u0119bi oraz wyrafinowanego, dymnego akcentu, przywo\u0142uj\u0105c wyrafinowan\u0105 i pewn\u0105 siebie m\u0119sko\u015b\u0107. Na koniec otulaj\u0105ca baza z szarego bursztynu, pi\u017cma i paczuli pozostawia trwa\u0142y, uwodzicielski i pot\u0119\u017cny \u015blad. Imponuj\u0105cy i wyrafinowany perfum, idealny dla tych, kt\u00f3rzy szukaj\u0105 intensywnego, wszechstronnego zapachu o niepowtarzalnej obecno\u015bci.<\/p>\n","protected":false},"excerpt":{"rendered":"<p>Przypomina Club de Nuit Intense Man de Armaf<\/p>\n","protected":false},"featured_media":7941,"comment_status":"open","ping_status":"closed","template":"","meta":[],"product_brand":[],"product_cat":[1630],"product_tag":[1363],"class_list":{"0":"post-7945","1":"product","2":"type-product","3":"status-publish","4":"has-post-thumbnail","6":"product_cat-armaf","7":"product_tag-mezczyzni","9":"first","10":"instock","11":"shipping-taxable","12":"product-type-simple"},"_links":{"self":[{"href":"https:\/\/divainers.com\/pl\/wp-json\/wp\/v2\/product\/7945","targetHints":{"allow":["GET"]}}],"collection":[{"href":"https:\/\/divainers.com\/pl\/wp-json\/wp\/v2\/product"}],"about":[{"href":"https:\/\/divainers.com\/pl\/wp-json\/wp\/v2\/types\/product"}],"replies":[{"embeddable":true,"href":"https:\/\/divainers.com\/pl\/wp-json\/wp\/v2\/comments?post=7945"}],"wp:featuredmedia":[{"embeddable":true,"href":"https:\/\/divainers.com\/pl\/wp-json\/wp\/v2\/media\/7941"}],"wp:attachment":[{"href":"https:\/\/divainers.com\/pl\/wp-json\/wp\/v2\/media?parent=7945"}],"wp:term":[{"taxonomy":"product_brand","embeddable":true,"href":"https:\/\/divainers.com\/pl\/wp-json\/wp\/v2\/product_brand?post=7945"},{"taxonomy":"product_cat","embeddable":true,"href":"https:\/\/divainers.com\/pl\/wp-json\/wp\/v2\/product_cat?post=7945"},{"taxonomy":"product_tag","embeddable":true,"href":"https:\/\/divainers.com\/pl\/wp-json\/wp\/v2\/product_tag?post=7945"}],"curies":[{"name":"wp","href":"https:\/\/api.w.org\/{rel}","templated":true}]}}