{"id":8068,"date":"2025-01-31T08:31:52","date_gmt":"2025-01-31T07:31:52","guid":{"rendered":"https:\/\/divainers.com\/producto\/divain-240\/"},"modified":"2026-04-30T09:49:27","modified_gmt":"2026-04-30T07:49:27","slug":"divain-240","status":"publish","type":"product","link":"https:\/\/divainers.com\/pl\/producto\/divain-240\/","title":{"rendered":"divain.240"},"content":{"rendered":"<p>\u017bywa i odwa\u017cna kompozycja zapachowa, stworzona dla ekstrawertycznego i pe\u0142nego energii m\u0119\u017cczyzny. W otwarciu eksplozja \u015bwie\u017co\u015bci i przypraw z nutami cytryny, imbiru i mi\u0119ty, kt\u00f3re budz\u0105 zmys\u0142y i dodaj\u0105 dynamiki. Serce zapachu wype\u0142nia ciep\u0142y i aromatyczny akcent lawendy, po\u0142\u0105czony z cynamonem i kardamonem, tworz\u0105c r\u00f3wnowag\u0119 mi\u0119dzy delikatno\u015bci\u0105 a intensywno\u015bci\u0105. W bazie drzewne i balsamiczne nuty tonki, drzewa sanda\u0142owego i sk\u00f3ry otulaj\u0105 sk\u00f3r\u0119 \u015bladem wyrafinowania i zmys\u0142owo\u015bci. Idealny na wyj\u0105tkowe okazje, ten zapach jest odzwierciedleniem odwagi i pewno\u015bci siebie, doskona\u0142y dla tych, kt\u00f3rzy chc\u0105 wyr\u00f3\u017cni\u0107 si\u0119 niezapomnian\u0105 obecno\u015bci\u0105.<\/p>\n","protected":false},"excerpt":{"rendered":"<p>Przypomina Azzaro Wanted od Azzaro<\/p>\n","protected":false},"featured_media":8066,"comment_status":"open","ping_status":"closed","template":"","meta":[],"product_brand":[],"product_cat":[1690],"product_tag":[1363],"class_list":{"0":"post-8068","1":"product","2":"type-product","3":"status-publish","4":"has-post-thumbnail","6":"product_cat-azzaro","7":"product_tag-mezczyzni","9":"first","10":"instock","11":"shipping-taxable","12":"product-type-simple"},"_links":{"self":[{"href":"https:\/\/divainers.com\/pl\/wp-json\/wp\/v2\/product\/8068","targetHints":{"allow":["GET"]}}],"collection":[{"href":"https:\/\/divainers.com\/pl\/wp-json\/wp\/v2\/product"}],"about":[{"href":"https:\/\/divainers.com\/pl\/wp-json\/wp\/v2\/types\/product"}],"replies":[{"embeddable":true,"href":"https:\/\/divainers.com\/pl\/wp-json\/wp\/v2\/comments?post=8068"}],"wp:featuredmedia":[{"embeddable":true,"href":"https:\/\/divainers.com\/pl\/wp-json\/wp\/v2\/media\/8066"}],"wp:attachment":[{"href":"https:\/\/divainers.com\/pl\/wp-json\/wp\/v2\/media?parent=8068"}],"wp:term":[{"taxonomy":"product_brand","embeddable":true,"href":"https:\/\/divainers.com\/pl\/wp-json\/wp\/v2\/product_brand?post=8068"},{"taxonomy":"product_cat","embeddable":true,"href":"https:\/\/divainers.com\/pl\/wp-json\/wp\/v2\/product_cat?post=8068"},{"taxonomy":"product_tag","embeddable":true,"href":"https:\/\/divainers.com\/pl\/wp-json\/wp\/v2\/product_tag?post=8068"}],"curies":[{"name":"wp","href":"https:\/\/api.w.org\/{rel}","templated":true}]}}