{"id":8113,"date":"2025-01-31T08:31:53","date_gmt":"2025-01-31T07:31:53","guid":{"rendered":"https:\/\/divainers.com\/producto\/divain-715\/"},"modified":"2026-04-30T09:49:35","modified_gmt":"2026-04-30T07:49:35","slug":"divain-715","status":"publish","type":"product","link":"https:\/\/divainers.com\/pl\/producto\/divain-715\/","title":{"rendered":"divain.715"},"content":{"rendered":"<p>To \u015bwie\u017cy i nowoczesny zapach kwiatowy, charakteryzuj\u0105cy si\u0119 kontrastem mi\u0119dzy zielonymi a kwiatowymi nutami. Otwarcie jest \u015bwie\u017ce i lekkie z nut\u0105 mi\u0119ty, kt\u00f3ra \u0142\u0105czy si\u0119 z r\u00f3\u017c\u0105 i go\u017adzikiem w sercu, tworz\u0105c wra\u017cenie \u015bwie\u017cego i otulaj\u0105cego kwiatu polnego. W miar\u0119 rozwoju zapachu, nuty bazy z ambry i wetiweru dodaj\u0105 ziemistej i wyrafinowanej g\u0142\u0119bi, r\u00f3wnowa\u017c\u0105c \u015bwie\u017co\u015b\u0107 kwiat\u00f3w. To elegancki i wsp\u00f3\u0142czesny zapach, idealny dla tych, kt\u00f3rzy szukaj\u0105 czego\u015b kobiecego, ale z odrobin\u0105 odwagi i nowoczesno\u015bci.<\/p>\n","protected":false},"excerpt":{"rendered":"<p>Przypomina Florabotanica od Balenciaga<\/p>\n","protected":false},"featured_media":8109,"comment_status":"open","ping_status":"closed","template":"","meta":[],"product_brand":[],"product_cat":[1713],"product_tag":[1442],"class_list":{"0":"post-8113","1":"product","2":"type-product","3":"status-publish","4":"has-post-thumbnail","6":"product_cat-balenciaga","7":"product_tag-kobiety","9":"first","10":"instock","11":"shipping-taxable","12":"product-type-simple"},"_links":{"self":[{"href":"https:\/\/divainers.com\/pl\/wp-json\/wp\/v2\/product\/8113","targetHints":{"allow":["GET"]}}],"collection":[{"href":"https:\/\/divainers.com\/pl\/wp-json\/wp\/v2\/product"}],"about":[{"href":"https:\/\/divainers.com\/pl\/wp-json\/wp\/v2\/types\/product"}],"replies":[{"embeddable":true,"href":"https:\/\/divainers.com\/pl\/wp-json\/wp\/v2\/comments?post=8113"}],"wp:featuredmedia":[{"embeddable":true,"href":"https:\/\/divainers.com\/pl\/wp-json\/wp\/v2\/media\/8109"}],"wp:attachment":[{"href":"https:\/\/divainers.com\/pl\/wp-json\/wp\/v2\/media?parent=8113"}],"wp:term":[{"taxonomy":"product_brand","embeddable":true,"href":"https:\/\/divainers.com\/pl\/wp-json\/wp\/v2\/product_brand?post=8113"},{"taxonomy":"product_cat","embeddable":true,"href":"https:\/\/divainers.com\/pl\/wp-json\/wp\/v2\/product_cat?post=8113"},{"taxonomy":"product_tag","embeddable":true,"href":"https:\/\/divainers.com\/pl\/wp-json\/wp\/v2\/product_tag?post=8113"}],"curies":[{"name":"wp","href":"https:\/\/api.w.org\/{rel}","templated":true}]}}