{"id":8153,"date":"2025-01-31T08:31:53","date_gmt":"2025-01-31T07:31:53","guid":{"rendered":"https:\/\/divainers.com\/producto\/divain-412\/"},"modified":"2026-04-30T09:49:44","modified_gmt":"2026-04-30T07:49:44","slug":"divain-412","status":"publish","type":"product","link":"https:\/\/divainers.com\/pl\/producto\/divain-412\/","title":{"rendered":"divain.412"},"content":{"rendered":"<p>Bogaty i uzale\u017cniaj\u0105cy zapach, kt\u00f3ry \u0142\u0105czy korzenn\u0105 ciep\u0142o\u015b\u0107 tytoniu z aksamitn\u0105 zmys\u0142owo\u015bci\u0105 r\u00f3\u017cy. Od samego pocz\u0105tku pikantne i s\u0142odkie nuty otulaj\u0105 zmys\u0142y, tworz\u0105c intensywne i wci\u0105gaj\u0105ce doznanie. W sercu r\u00f3\u017ca rozwija si\u0119 z g\u0142\u0119bokim i lekko mrocznym charakterem, towarzysz\u0105 jej bursztynowe i \u017cywiczne niuanse podkre\u015blaj\u0105ce jej bogactwo. Baza jest g\u0119sta i uwodzicielska, z akordami kakao, pi\u017cma i kremowych drzew, kt\u00f3re pozostawiaj\u0105 wyrafinowany i trwa\u0142y \u015blad. Idealna dla tych, kt\u00f3rzy szukaj\u0105 odwa\u017cnego, eleganckiego i pe\u0142nego charakteru zapachu.<\/p>\n","protected":false},"excerpt":{"rendered":"<p>Przypomina Tabac Rose od BDK Parfums<\/p>\n","protected":false},"featured_media":8151,"comment_status":"open","ping_status":"closed","template":"","meta":[],"product_brand":[],"product_cat":[1733],"product_tag":[1379],"class_list":{"0":"post-8153","1":"product","2":"type-product","3":"status-publish","4":"has-post-thumbnail","6":"product_cat-bdk-parfums","7":"product_tag-unisex","9":"first","10":"instock","11":"shipping-taxable","12":"product-type-simple"},"_links":{"self":[{"href":"https:\/\/divainers.com\/pl\/wp-json\/wp\/v2\/product\/8153","targetHints":{"allow":["GET"]}}],"collection":[{"href":"https:\/\/divainers.com\/pl\/wp-json\/wp\/v2\/product"}],"about":[{"href":"https:\/\/divainers.com\/pl\/wp-json\/wp\/v2\/types\/product"}],"replies":[{"embeddable":true,"href":"https:\/\/divainers.com\/pl\/wp-json\/wp\/v2\/comments?post=8153"}],"wp:featuredmedia":[{"embeddable":true,"href":"https:\/\/divainers.com\/pl\/wp-json\/wp\/v2\/media\/8151"}],"wp:attachment":[{"href":"https:\/\/divainers.com\/pl\/wp-json\/wp\/v2\/media?parent=8153"}],"wp:term":[{"taxonomy":"product_brand","embeddable":true,"href":"https:\/\/divainers.com\/pl\/wp-json\/wp\/v2\/product_brand?post=8153"},{"taxonomy":"product_cat","embeddable":true,"href":"https:\/\/divainers.com\/pl\/wp-json\/wp\/v2\/product_cat?post=8153"},{"taxonomy":"product_tag","embeddable":true,"href":"https:\/\/divainers.com\/pl\/wp-json\/wp\/v2\/product_tag?post=8153"}],"curies":[{"name":"wp","href":"https:\/\/api.w.org\/{rel}","templated":true}]}}