{"id":8200,"date":"2025-01-31T08:33:36","date_gmt":"2025-01-31T07:33:36","guid":{"rendered":"https:\/\/divainers.com\/producto\/divain-077\/"},"modified":"2026-04-30T09:49:55","modified_gmt":"2026-04-30T07:49:55","slug":"divain-077","status":"publish","type":"product","link":"https:\/\/divainers.com\/pl\/producto\/divain-077\/","title":{"rendered":"divain.077"},"content":{"rendered":"<p>M\u0142odzie\u0144czy i \u017cywy zapach, kt\u00f3ry uchwyca rado\u015b\u0107 i spontaniczno\u015b\u0107 w ka\u017cdej nucie. Jego iskrz\u0105ce otwarcie z brzoskwini\u0105, morel\u0105 i czarn\u0105 porzeczk\u0105 wnosi owocow\u0105 i \u015bwietlist\u0105 s\u0142odycz. W sercu frezja, fio\u0142ek i konwalia otulaj\u0105 zapach delikatn\u0105 i romantyczn\u0105 kobieco\u015bci\u0105. W bazie drzewo sanda\u0142owe, wanilia i pi\u017cmo tworz\u0105 ciep\u0142y i przytulny \u015blad, idealny dla zabawnej, wolnej kobiety z duchem pe\u0142nym energii.<\/p>\n","protected":false},"excerpt":{"rendered":"<p>Przypomina Red Jeans od Versace<\/p>\n","protected":false},"featured_media":8193,"comment_status":"open","ping_status":"closed","template":"","meta":[],"product_brand":[],"product_cat":[1757],"product_tag":[1442],"class_list":{"0":"post-8200","1":"product","2":"type-product","3":"status-publish","4":"has-post-thumbnail","6":"product_cat-versace","7":"product_tag-kobiety","9":"first","10":"instock","11":"shipping-taxable","12":"product-type-simple"},"_links":{"self":[{"href":"https:\/\/divainers.com\/pl\/wp-json\/wp\/v2\/product\/8200","targetHints":{"allow":["GET"]}}],"collection":[{"href":"https:\/\/divainers.com\/pl\/wp-json\/wp\/v2\/product"}],"about":[{"href":"https:\/\/divainers.com\/pl\/wp-json\/wp\/v2\/types\/product"}],"replies":[{"embeddable":true,"href":"https:\/\/divainers.com\/pl\/wp-json\/wp\/v2\/comments?post=8200"}],"wp:featuredmedia":[{"embeddable":true,"href":"https:\/\/divainers.com\/pl\/wp-json\/wp\/v2\/media\/8193"}],"wp:attachment":[{"href":"https:\/\/divainers.com\/pl\/wp-json\/wp\/v2\/media?parent=8200"}],"wp:term":[{"taxonomy":"product_brand","embeddable":true,"href":"https:\/\/divainers.com\/pl\/wp-json\/wp\/v2\/product_brand?post=8200"},{"taxonomy":"product_cat","embeddable":true,"href":"https:\/\/divainers.com\/pl\/wp-json\/wp\/v2\/product_cat?post=8200"},{"taxonomy":"product_tag","embeddable":true,"href":"https:\/\/divainers.com\/pl\/wp-json\/wp\/v2\/product_tag?post=8200"}],"curies":[{"name":"wp","href":"https:\/\/api.w.org\/{rel}","templated":true}]}}