{"id":8240,"date":"2025-01-31T08:31:53","date_gmt":"2025-01-31T07:31:53","guid":{"rendered":"https:\/\/divainers.com\/producto\/divain-447\/"},"modified":"2026-04-30T09:50:08","modified_gmt":"2026-04-30T07:50:08","slug":"divain-447","status":"publish","type":"product","link":"https:\/\/divainers.com\/pl\/producto\/divain-447\/","title":{"rendered":"divain.447"},"content":{"rendered":"<p>Majestatyczny i pot\u0119\u017cny zapach, kt\u00f3ry emanuje pewno\u015bci\u0105 siebie i wyrafinowaniem w ka\u017cdej nucie. Otwarcie jest \u017cywe i pikantne, z eksplozj\u0105 bergamotki i pieprzu, kt\u00f3re budz\u0105 zmys\u0142y energi\u0105 i elegancj\u0105. W sercu bursztyn i lawenda \u0142\u0105cz\u0105 si\u0119 z szlachetnymi drzewami, dodaj\u0105c g\u0142\u0119bi i wyrafinowanego charakteru. Na ko\u0144cu ciep\u0142a baza z wanilii, pi\u017cma i oudu pozostawia otulaj\u0105cy, intensywny i uwodzicielski \u015blad. Odwa\u017cne i magnetyczne perfumy, idealne dla tych, kt\u00f3rzy szukaj\u0105 zapachu z charakterem, obecno\u015bci\u0105 i imponuj\u0105c\u0105 elegancj\u0105.<\/p>\n","protected":false},"excerpt":{"rendered":"<p>Przypomina King od Bharara<\/p>\n","protected":false},"featured_media":8235,"comment_status":"open","ping_status":"closed","template":"","meta":[],"product_brand":[],"product_cat":[1777],"product_tag":[1363],"class_list":{"0":"post-8240","1":"product","2":"type-product","3":"status-publish","4":"has-post-thumbnail","6":"product_cat-bharara","7":"product_tag-mezczyzni","9":"first","10":"instock","11":"shipping-taxable","12":"product-type-simple"},"_links":{"self":[{"href":"https:\/\/divainers.com\/pl\/wp-json\/wp\/v2\/product\/8240","targetHints":{"allow":["GET"]}}],"collection":[{"href":"https:\/\/divainers.com\/pl\/wp-json\/wp\/v2\/product"}],"about":[{"href":"https:\/\/divainers.com\/pl\/wp-json\/wp\/v2\/types\/product"}],"replies":[{"embeddable":true,"href":"https:\/\/divainers.com\/pl\/wp-json\/wp\/v2\/comments?post=8240"}],"wp:featuredmedia":[{"embeddable":true,"href":"https:\/\/divainers.com\/pl\/wp-json\/wp\/v2\/media\/8235"}],"wp:attachment":[{"href":"https:\/\/divainers.com\/pl\/wp-json\/wp\/v2\/media?parent=8240"}],"wp:term":[{"taxonomy":"product_brand","embeddable":true,"href":"https:\/\/divainers.com\/pl\/wp-json\/wp\/v2\/product_brand?post=8240"},{"taxonomy":"product_cat","embeddable":true,"href":"https:\/\/divainers.com\/pl\/wp-json\/wp\/v2\/product_cat?post=8240"},{"taxonomy":"product_tag","embeddable":true,"href":"https:\/\/divainers.com\/pl\/wp-json\/wp\/v2\/product_tag?post=8240"}],"curies":[{"name":"wp","href":"https:\/\/api.w.org\/{rel}","templated":true}]}}