{"id":8323,"date":"2025-01-31T08:31:53","date_gmt":"2025-01-31T07:31:53","guid":{"rendered":"https:\/\/divainers.com\/producto\/divain-668\/"},"modified":"2026-04-30T09:50:39","modified_gmt":"2026-04-30T07:50:39","slug":"divain-668","status":"publish","type":"product","link":"https:\/\/divainers.com\/pl\/producto\/divain-668\/","title":{"rendered":"divain.668"},"content":{"rendered":"<p>Wykwintny i urzekaj\u0105cy zapach, kt\u00f3ry emanuje elegancj\u0105 i tajemniczo\u015bci\u0105. W nucie otwarcia rozwija si\u0119 \u015bwie\u017ca i cytrusowa mieszanka, \u0142\u0105cz\u0105ca si\u0119 z morskimi nutami, przywodz\u0105cymi na my\u015bl ch\u0142odn\u0105 bryz\u0119 oceanu. W miar\u0119 jak zapach si\u0119 rozwija, serce ods\u0142ania kwiatowo-owocowy akord, gdzie s\u0142odycz egzotycznych owoc\u00f3w splata si\u0119 z delikatno\u015bci\u0105 subtelnych kwiat\u00f3w, tworz\u0105c otulaj\u0105ce i kobiece wra\u017cenie. Baza, g\u0142\u0119boka i wyrafinowana, sk\u0142ada si\u0119 z cennych drzew i subtelnej nuty pi\u017cma, kt\u00f3ra nadaje ciep\u0142\u0105 i uwodzicielsk\u0105 aur\u0119. To idealny zapach dla tych, kt\u00f3rzy poszukuj\u0105 wyrafinowanego i charakterystycznego perfumu, doskona\u0142y dla kobiety pragn\u0105cej emanowa\u0107 luksusem, si\u0142\u0105 i pewno\u015bci\u0105 siebie.<\/p>\n","protected":false},"excerpt":{"rendered":"<p>Przypomina Blue Sapphire od Boadicea The Victorious<\/p>\n","protected":false},"featured_media":8319,"comment_status":"open","ping_status":"closed","template":"","meta":[],"product_brand":[],"product_cat":[1818],"product_tag":[1379],"class_list":{"0":"post-8323","1":"product","2":"type-product","3":"status-publish","4":"has-post-thumbnail","6":"product_cat-boadicea-the-victorious","7":"product_tag-unisex","9":"first","10":"instock","11":"shipping-taxable","12":"product-type-simple"},"_links":{"self":[{"href":"https:\/\/divainers.com\/pl\/wp-json\/wp\/v2\/product\/8323","targetHints":{"allow":["GET"]}}],"collection":[{"href":"https:\/\/divainers.com\/pl\/wp-json\/wp\/v2\/product"}],"about":[{"href":"https:\/\/divainers.com\/pl\/wp-json\/wp\/v2\/types\/product"}],"replies":[{"embeddable":true,"href":"https:\/\/divainers.com\/pl\/wp-json\/wp\/v2\/comments?post=8323"}],"wp:featuredmedia":[{"embeddable":true,"href":"https:\/\/divainers.com\/pl\/wp-json\/wp\/v2\/media\/8319"}],"wp:attachment":[{"href":"https:\/\/divainers.com\/pl\/wp-json\/wp\/v2\/media?parent=8323"}],"wp:term":[{"taxonomy":"product_brand","embeddable":true,"href":"https:\/\/divainers.com\/pl\/wp-json\/wp\/v2\/product_brand?post=8323"},{"taxonomy":"product_cat","embeddable":true,"href":"https:\/\/divainers.com\/pl\/wp-json\/wp\/v2\/product_cat?post=8323"},{"taxonomy":"product_tag","embeddable":true,"href":"https:\/\/divainers.com\/pl\/wp-json\/wp\/v2\/product_tag?post=8323"}],"curies":[{"name":"wp","href":"https:\/\/api.w.org\/{rel}","templated":true}]}}