{"id":8362,"date":"2025-01-31T08:31:53","date_gmt":"2025-01-31T07:31:53","guid":{"rendered":"https:\/\/divainers.com\/producto\/divain-452\/"},"modified":"2026-04-30T09:50:50","modified_gmt":"2026-04-30T07:50:50","slug":"divain-452","status":"publish","type":"product","link":"https:\/\/divainers.com\/pl\/producto\/divain-452\/","title":{"rendered":"divain.452"},"content":{"rendered":"<p>\u017bywy i wyrafinowany zapach, kt\u00f3ry uchwyca dynamiczn\u0105 energi\u0119 miasta z nut\u0105 \u015bwie\u017co\u015bci i nieodpartego ciep\u0142a. Otwarcie jest jasne i soczyste, z eksplozj\u0105 czarnej porzeczki i jag\u00f3d, podkre\u015blon\u0105 zielonymi i korzennymi akcentami, kt\u00f3re budz\u0105 zmys\u0142y. W sercu nuty fio\u0142ka i cynamonu dodaj\u0105 g\u0142\u0119bi i wyrafinowania, podczas gdy baza z bursztynu, wanilii i szlachetnych drzew otula sk\u00f3r\u0119 otulaj\u0105cym, kremowym i uwodzicielskim \u015bladem. Nowoczesny i wszechstronny perfum, idealny dla tych, kt\u00f3rzy szukaj\u0105 unikalnego, wyrafinowanego zapachu o niezapomnianej obecno\u015bci.<\/p>\n","protected":false},"excerpt":{"rendered":"<p>Przypomina Bleecker Street od Bond No 9<\/p>\n","protected":false},"featured_media":8360,"comment_status":"open","ping_status":"closed","template":"","meta":[],"product_brand":[],"product_cat":[1829],"product_tag":[1408],"class_list":{"0":"post-8362","1":"product","2":"type-product","3":"status-publish","4":"has-post-thumbnail","6":"product_cat-bond-no-9","7":"product_tag-unisex","9":"first","10":"instock","11":"shipping-taxable","12":"product-type-simple"},"_links":{"self":[{"href":"https:\/\/divainers.com\/pl\/wp-json\/wp\/v2\/product\/8362","targetHints":{"allow":["GET"]}}],"collection":[{"href":"https:\/\/divainers.com\/pl\/wp-json\/wp\/v2\/product"}],"about":[{"href":"https:\/\/divainers.com\/pl\/wp-json\/wp\/v2\/types\/product"}],"replies":[{"embeddable":true,"href":"https:\/\/divainers.com\/pl\/wp-json\/wp\/v2\/comments?post=8362"}],"wp:featuredmedia":[{"embeddable":true,"href":"https:\/\/divainers.com\/pl\/wp-json\/wp\/v2\/media\/8360"}],"wp:attachment":[{"href":"https:\/\/divainers.com\/pl\/wp-json\/wp\/v2\/media?parent=8362"}],"wp:term":[{"taxonomy":"product_brand","embeddable":true,"href":"https:\/\/divainers.com\/pl\/wp-json\/wp\/v2\/product_brand?post=8362"},{"taxonomy":"product_cat","embeddable":true,"href":"https:\/\/divainers.com\/pl\/wp-json\/wp\/v2\/product_cat?post=8362"},{"taxonomy":"product_tag","embeddable":true,"href":"https:\/\/divainers.com\/pl\/wp-json\/wp\/v2\/product_tag?post=8362"}],"curies":[{"name":"wp","href":"https:\/\/api.w.org\/{rel}","templated":true}]}}