{"id":8409,"date":"2025-01-31T08:31:53","date_gmt":"2025-01-31T07:31:53","guid":{"rendered":"https:\/\/divainers.com\/producto\/divain-823\/"},"modified":"2026-04-30T09:51:02","modified_gmt":"2026-04-30T07:51:02","slug":"divain-823","status":"publish","type":"product","link":"https:\/\/divainers.com\/pl\/producto\/divain-823\/","title":{"rendered":"divain.823"},"content":{"rendered":"<p>Ten uniseks zapach charakteryzuje si\u0119 kwiatowo-chyprowym aromatem, gdzie nuty r\u00f3\u017cowego pieprzu i bergamotki ust\u0119puj\u0105 miejsca sercu z ja\u015bminu Sambac. W bazie sk\u00f3ra, mech d\u0119bowy i paczula dodaj\u0105 g\u0142\u0119bi i wyrafinowania. Idealny dla tych, kt\u00f3rzy szukaj\u0105 esencji \u0142\u0105cz\u0105cej elegancj\u0119 i zmys\u0142owo\u015b\u0107 na ka\u017cd\u0105 okazj\u0119.<\/p>\n","protected":false},"excerpt":{"rendered":"<p>Przypomina Bottega Veneta od Bottega Veneta<\/p>\n","protected":false},"featured_media":8402,"comment_status":"open","ping_status":"closed","template":"","meta":[],"product_brand":[],"product_cat":[1861],"product_tag":[1442],"class_list":{"0":"post-8409","1":"product","2":"type-product","3":"status-publish","4":"has-post-thumbnail","6":"product_cat-bottega-veneta","7":"product_tag-kobiety","9":"first","10":"instock","11":"shipping-taxable","12":"product-type-simple"},"_links":{"self":[{"href":"https:\/\/divainers.com\/pl\/wp-json\/wp\/v2\/product\/8409","targetHints":{"allow":["GET"]}}],"collection":[{"href":"https:\/\/divainers.com\/pl\/wp-json\/wp\/v2\/product"}],"about":[{"href":"https:\/\/divainers.com\/pl\/wp-json\/wp\/v2\/types\/product"}],"replies":[{"embeddable":true,"href":"https:\/\/divainers.com\/pl\/wp-json\/wp\/v2\/comments?post=8409"}],"wp:featuredmedia":[{"embeddable":true,"href":"https:\/\/divainers.com\/pl\/wp-json\/wp\/v2\/media\/8402"}],"wp:attachment":[{"href":"https:\/\/divainers.com\/pl\/wp-json\/wp\/v2\/media?parent=8409"}],"wp:term":[{"taxonomy":"product_brand","embeddable":true,"href":"https:\/\/divainers.com\/pl\/wp-json\/wp\/v2\/product_brand?post=8409"},{"taxonomy":"product_cat","embeddable":true,"href":"https:\/\/divainers.com\/pl\/wp-json\/wp\/v2\/product_cat?post=8409"},{"taxonomy":"product_tag","embeddable":true,"href":"https:\/\/divainers.com\/pl\/wp-json\/wp\/v2\/product_tag?post=8409"}],"curies":[{"name":"wp","href":"https:\/\/api.w.org\/{rel}","templated":true}]}}