{"id":8447,"date":"2025-01-31T08:31:53","date_gmt":"2025-01-31T07:31:53","guid":{"rendered":"https:\/\/divainers.com\/producto\/divain-518\/"},"modified":"2026-04-30T09:51:14","modified_gmt":"2026-04-30T07:51:14","slug":"divain-518","status":"publish","type":"product","link":"https:\/\/divainers.com\/pl\/producto\/divain-518\/","title":{"rendered":"divain.518"},"content":{"rendered":"<p>Egzotyczny i otulaj\u0105cy zapach, kt\u00f3ry przenosi w zmys\u0142ow\u0105 podr\u00f3\u017c pe\u0142n\u0105 ciep\u0142a i wyrafinowania. Ju\u017c od otwarcia s\u0142odko-korzenny aromat cynamonu i bergamotki budzi zmys\u0142y ciep\u0142\u0105 i \u015bwietlist\u0105 wibracj\u0105. W sercu elegancki bukiet ja\u015bminu i r\u00f3\u017cy \u0142\u0105czy si\u0119 z nutami ylang-ylang, wnosz\u0105c bogat\u0105 i uwodzicielsk\u0105 kobieco\u015b\u0107. Na ko\u0144cu baza z wanilii, benzoesu i ambry pozostawia kremowy, otulaj\u0105cy i g\u0142\u0119boko zmys\u0142owy \u015blad. Luksusowy i magnetyczny perfum, idealny dla tych, kt\u00f3rzy szukaj\u0105 orientalnego, ciep\u0142ego zapachu o wyrafinowanym i niezapomnianym charakterze.<\/p>\n","protected":false},"excerpt":{"rendered":"<p>Przypomina Jaipur od Boucheron<\/p>\n","protected":false},"featured_media":8443,"comment_status":"open","ping_status":"closed","template":"","meta":[],"product_brand":[],"product_cat":[1880],"product_tag":[1442],"class_list":{"0":"post-8447","1":"product","2":"type-product","3":"status-publish","4":"has-post-thumbnail","6":"product_cat-boucheron","7":"product_tag-kobiety","9":"first","10":"instock","11":"shipping-taxable","12":"product-type-simple"},"_links":{"self":[{"href":"https:\/\/divainers.com\/pl\/wp-json\/wp\/v2\/product\/8447","targetHints":{"allow":["GET"]}}],"collection":[{"href":"https:\/\/divainers.com\/pl\/wp-json\/wp\/v2\/product"}],"about":[{"href":"https:\/\/divainers.com\/pl\/wp-json\/wp\/v2\/types\/product"}],"replies":[{"embeddable":true,"href":"https:\/\/divainers.com\/pl\/wp-json\/wp\/v2\/comments?post=8447"}],"wp:featuredmedia":[{"embeddable":true,"href":"https:\/\/divainers.com\/pl\/wp-json\/wp\/v2\/media\/8443"}],"wp:attachment":[{"href":"https:\/\/divainers.com\/pl\/wp-json\/wp\/v2\/media?parent=8447"}],"wp:term":[{"taxonomy":"product_brand","embeddable":true,"href":"https:\/\/divainers.com\/pl\/wp-json\/wp\/v2\/product_brand?post=8447"},{"taxonomy":"product_cat","embeddable":true,"href":"https:\/\/divainers.com\/pl\/wp-json\/wp\/v2\/product_cat?post=8447"},{"taxonomy":"product_tag","embeddable":true,"href":"https:\/\/divainers.com\/pl\/wp-json\/wp\/v2\/product_tag?post=8447"}],"curies":[{"name":"wp","href":"https:\/\/api.w.org\/{rel}","templated":true}]}}