{"id":8494,"date":"2025-01-31T08:31:54","date_gmt":"2025-01-31T07:31:54","guid":{"rendered":"https:\/\/divainers.com\/producto\/divain-060\/"},"modified":"2026-04-30T09:51:26","modified_gmt":"2026-04-30T07:51:26","slug":"divain-060","status":"publish","type":"product","link":"https:\/\/divainers.com\/pl\/producto\/divain-060\/","title":{"rendered":"divain.060"},"content":{"rendered":"<p>S\u0142odki i urzekaj\u0105cy zapach, kt\u00f3ry przywo\u0142uje \u015bwiat fantazji i romantyzmu. Jego iskrz\u0105ce otwarcie z kiwi, czerwonego liczi i pigwy wnosi owocowy i soczysty akcent. W sercu ja\u015bmin i bia\u0142a czekolada tworz\u0105 uzale\u017cniaj\u0105c\u0105 i uwodzicielsk\u0105 kompozycj\u0119. U podstawy wanilia, pi\u017cmo i kremowe nuty drzewne otulaj\u0105 zapach ciep\u0142\u0105 i otulaj\u0105c\u0105 aur\u0105. Idealny dla marzycielskiej, kokieteryjnej kobiety o magicznym i nieodpartym duchu.<\/p>\n","protected":false},"excerpt":{"rendered":"<p>Przypomina Fantasy od Britney Spears<\/p>\n","protected":false},"featured_media":8487,"comment_status":"open","ping_status":"closed","template":"","meta":[],"product_brand":[],"product_cat":[1903],"product_tag":[1442],"class_list":{"0":"post-8494","1":"product","2":"type-product","3":"status-publish","4":"has-post-thumbnail","6":"product_cat-britney-spears","7":"product_tag-kobiety","9":"first","10":"instock","11":"shipping-taxable","12":"product-type-simple"},"_links":{"self":[{"href":"https:\/\/divainers.com\/pl\/wp-json\/wp\/v2\/product\/8494","targetHints":{"allow":["GET"]}}],"collection":[{"href":"https:\/\/divainers.com\/pl\/wp-json\/wp\/v2\/product"}],"about":[{"href":"https:\/\/divainers.com\/pl\/wp-json\/wp\/v2\/types\/product"}],"replies":[{"embeddable":true,"href":"https:\/\/divainers.com\/pl\/wp-json\/wp\/v2\/comments?post=8494"}],"wp:featuredmedia":[{"embeddable":true,"href":"https:\/\/divainers.com\/pl\/wp-json\/wp\/v2\/media\/8487"}],"wp:attachment":[{"href":"https:\/\/divainers.com\/pl\/wp-json\/wp\/v2\/media?parent=8494"}],"wp:term":[{"taxonomy":"product_brand","embeddable":true,"href":"https:\/\/divainers.com\/pl\/wp-json\/wp\/v2\/product_brand?post=8494"},{"taxonomy":"product_cat","embeddable":true,"href":"https:\/\/divainers.com\/pl\/wp-json\/wp\/v2\/product_cat?post=8494"},{"taxonomy":"product_tag","embeddable":true,"href":"https:\/\/divainers.com\/pl\/wp-json\/wp\/v2\/product_tag?post=8494"}],"curies":[{"name":"wp","href":"https:\/\/api.w.org\/{rel}","templated":true}]}}