{"id":8533,"date":"2025-01-31T08:31:54","date_gmt":"2025-01-31T07:31:54","guid":{"rendered":"https:\/\/divainers.com\/producto\/divain-137\/"},"modified":"2026-04-30T09:51:37","modified_gmt":"2026-04-30T07:51:37","slug":"divain-137","status":"publish","type":"product","link":"https:\/\/divainers.com\/pl\/producto\/divain-137\/","title":{"rendered":"divain.137"},"content":{"rendered":"<p>Ciep\u0142y i elegancki zapach, kt\u00f3ry otula zmys\u0142y swoj\u0105 wyrafinowan\u0105 zmys\u0142owo\u015bci\u0105. Owocowe otwarcie z brzoskwini\u0105, gruszk\u0105 i czarn\u0105 porzeczk\u0105 wnosi soczyst\u0105 i \u015bwietlist\u0105 s\u0142odycz. W sercu ja\u015bmin i drzewo sanda\u0142owe tworz\u0105 mi\u0119kkie i wyrafinowane po\u0142\u0105czenie, kt\u00f3re podkre\u015bla kobieco\u015b\u0107 otulaj\u0105cym akcentem. W bazie wanilia i bia\u0142y pi\u017cmo pozostawiaj\u0105 ciep\u0142y i koj\u0105cy \u015blad, idealny dla klasycznej, wyrafinowanej kobiety o ponadczasowym uroku, kt\u00f3ra pozostawia niezapomniane wra\u017cenie.<\/p>\n","protected":false},"excerpt":{"rendered":"<p>Przypomina Burberry Women od Burberry<\/p>\n","protected":false},"featured_media":8529,"comment_status":"open","ping_status":"closed","template":"","meta":[],"product_brand":[],"product_cat":[1921],"product_tag":[1442],"class_list":{"0":"post-8533","1":"product","2":"type-product","3":"status-publish","4":"has-post-thumbnail","6":"product_cat-burberry","7":"product_tag-kobiety","9":"first","10":"instock","11":"shipping-taxable","12":"product-type-simple"},"_links":{"self":[{"href":"https:\/\/divainers.com\/pl\/wp-json\/wp\/v2\/product\/8533","targetHints":{"allow":["GET"]}}],"collection":[{"href":"https:\/\/divainers.com\/pl\/wp-json\/wp\/v2\/product"}],"about":[{"href":"https:\/\/divainers.com\/pl\/wp-json\/wp\/v2\/types\/product"}],"replies":[{"embeddable":true,"href":"https:\/\/divainers.com\/pl\/wp-json\/wp\/v2\/comments?post=8533"}],"wp:featuredmedia":[{"embeddable":true,"href":"https:\/\/divainers.com\/pl\/wp-json\/wp\/v2\/media\/8529"}],"wp:attachment":[{"href":"https:\/\/divainers.com\/pl\/wp-json\/wp\/v2\/media?parent=8533"}],"wp:term":[{"taxonomy":"product_brand","embeddable":true,"href":"https:\/\/divainers.com\/pl\/wp-json\/wp\/v2\/product_brand?post=8533"},{"taxonomy":"product_cat","embeddable":true,"href":"https:\/\/divainers.com\/pl\/wp-json\/wp\/v2\/product_cat?post=8533"},{"taxonomy":"product_tag","embeddable":true,"href":"https:\/\/divainers.com\/pl\/wp-json\/wp\/v2\/product_tag?post=8533"}],"curies":[{"name":"wp","href":"https:\/\/api.w.org\/{rel}","templated":true}]}}