{"id":8659,"date":"2025-01-31T08:33:38","date_gmt":"2025-01-31T07:33:38","guid":{"rendered":"https:\/\/divainers.com\/producto\/divain-659\/"},"modified":"2026-04-30T09:52:23","modified_gmt":"2026-04-30T07:52:23","slug":"divain-659","status":"publish","type":"product","link":"https:\/\/divainers.com\/pl\/producto\/divain-659\/","title":{"rendered":"divain.659"},"content":{"rendered":"<p>Zapach, kt\u00f3ry emanuje zmys\u0142owo\u015bci\u0105 i tajemniczo\u015bci\u0105, idealny dla kobiety pragn\u0105cej oczarowa\u0107 unikalnym \u015bladem. Rozpoczyna si\u0119 owocow\u0105 i soczyst\u0105 mieszank\u0105, gdzie nuty \u015bliwki i maliny dodaj\u0105 s\u0142odkiej \u015bwie\u017co\u015bci, towarzyszonej delikatnym kwiatowym akcentem. Serce wype\u0142nia subtelny akord egzotycznych kwiat\u00f3w, takich jak ja\u015bmin, kt\u00f3ry wnosi kobiec\u0105 i otulaj\u0105c\u0105 zmys\u0142owo\u015b\u0107. Na koniec nuty bazy drzewa sanda\u0142owego i pi\u017cma tworz\u0105 ciep\u0142\u0105 i ziemist\u0105 podstaw\u0119, pozostawiaj\u0105c uczucie mi\u0119kko\u015bci i g\u0142\u0119bi, kt\u00f3re utrzymuje si\u0119 d\u0142ugo.<\/p>\n","protected":false},"excerpt":{"rendered":"<p>Przypomina Forbidden od Victoria&#8217;s Secret<\/p>\n","protected":false},"featured_media":8655,"comment_status":"open","ping_status":"closed","template":"","meta":[],"product_brand":[],"product_cat":[1984],"product_tag":[1442],"class_list":{"0":"post-8659","1":"product","2":"type-product","3":"status-publish","4":"has-post-thumbnail","6":"product_cat-victorias-secret","7":"product_tag-kobiety","9":"first","10":"instock","11":"shipping-taxable","12":"product-type-simple"},"_links":{"self":[{"href":"https:\/\/divainers.com\/pl\/wp-json\/wp\/v2\/product\/8659","targetHints":{"allow":["GET"]}}],"collection":[{"href":"https:\/\/divainers.com\/pl\/wp-json\/wp\/v2\/product"}],"about":[{"href":"https:\/\/divainers.com\/pl\/wp-json\/wp\/v2\/types\/product"}],"replies":[{"embeddable":true,"href":"https:\/\/divainers.com\/pl\/wp-json\/wp\/v2\/comments?post=8659"}],"wp:featuredmedia":[{"embeddable":true,"href":"https:\/\/divainers.com\/pl\/wp-json\/wp\/v2\/media\/8655"}],"wp:attachment":[{"href":"https:\/\/divainers.com\/pl\/wp-json\/wp\/v2\/media?parent=8659"}],"wp:term":[{"taxonomy":"product_brand","embeddable":true,"href":"https:\/\/divainers.com\/pl\/wp-json\/wp\/v2\/product_brand?post=8659"},{"taxonomy":"product_cat","embeddable":true,"href":"https:\/\/divainers.com\/pl\/wp-json\/wp\/v2\/product_cat?post=8659"},{"taxonomy":"product_tag","embeddable":true,"href":"https:\/\/divainers.com\/pl\/wp-json\/wp\/v2\/product_tag?post=8659"}],"curies":[{"name":"wp","href":"https:\/\/api.w.org\/{rel}","templated":true}]}}