{"id":8700,"date":"2025-05-30T09:30:41","date_gmt":"2025-05-30T07:30:41","guid":{"rendered":"https:\/\/divainers.com\/producto\/divain-1031\/"},"modified":"2025-05-30T09:30:41","modified_gmt":"2025-05-30T07:30:41","slug":"divain-1031","status":"publish","type":"product","link":"https:\/\/divainers.com\/pl\/producto\/divain-1031\/","title":{"rendered":"divain.1031"},"content":{"rendered":"<p>Una fragancia atrevida y luminosa que fusiona energ\u00eda especiada con una feminidad suave y envolvente. Su estela es c\u00e1lida, cremosa y adictiva, perfecta para quienes buscan dejar huella con elegancia desenfadada y car\u00e1cter moderno.<\/p>\n","protected":false},"excerpt":{"rendered":"<p>Recuerda a Zadig Eau de Parfum Zadig &amp; Voltaire<\/p>\n","protected":false},"featured_media":3841,"comment_status":"closed","ping_status":"closed","template":"","meta":[],"product_brand":[],"product_cat":[2005],"product_tag":[],"class_list":{"0":"post-8700","1":"product","2":"type-product","3":"status-publish","4":"has-post-thumbnail","6":"product_cat-zadig-voltaire","8":"first","9":"instock","10":"shipping-taxable","11":"product-type-simple"},"_links":{"self":[{"href":"https:\/\/divainers.com\/pl\/wp-json\/wp\/v2\/product\/8700","targetHints":{"allow":["GET"]}}],"collection":[{"href":"https:\/\/divainers.com\/pl\/wp-json\/wp\/v2\/product"}],"about":[{"href":"https:\/\/divainers.com\/pl\/wp-json\/wp\/v2\/types\/product"}],"replies":[{"embeddable":true,"href":"https:\/\/divainers.com\/pl\/wp-json\/wp\/v2\/comments?post=8700"}],"wp:featuredmedia":[{"embeddable":true,"href":"https:\/\/divainers.com\/pl\/wp-json\/wp\/v2\/media\/3841"}],"wp:attachment":[{"href":"https:\/\/divainers.com\/pl\/wp-json\/wp\/v2\/media?parent=8700"}],"wp:term":[{"taxonomy":"product_brand","embeddable":true,"href":"https:\/\/divainers.com\/pl\/wp-json\/wp\/v2\/product_brand?post=8700"},{"taxonomy":"product_cat","embeddable":true,"href":"https:\/\/divainers.com\/pl\/wp-json\/wp\/v2\/product_cat?post=8700"},{"taxonomy":"product_tag","embeddable":true,"href":"https:\/\/divainers.com\/pl\/wp-json\/wp\/v2\/product_tag?post=8700"}],"curies":[{"name":"wp","href":"https:\/\/api.w.org\/{rel}","templated":true}]}}