{"id":919,"date":"2025-01-31T08:33:03","date_gmt":"2025-01-31T07:33:03","guid":{"rendered":"https:\/\/divainers.com\/producto\/divain-704\/"},"modified":"2026-03-16T16:08:04","modified_gmt":"2026-03-16T15:08:04","slug":"divain-704","status":"publish","type":"product","link":"https:\/\/divainers.com\/pl\/producto\/divain-704\/","title":{"rendered":"divain.704"},"content":{"rendered":"<p>Es una fragancia envolvente y oriental que evoca sensaciones c\u00e1lidas y misteriosas. La apertura es fresca y afrutada con notas de mandarina y frambuesa, que se combinan con un toque floral delicado de jazm\u00edn y flor de azahar. En el coraz\u00f3n, se siente una mezcla suave y cremosa de coco y almendra, creando una sensaci\u00f3n de suavidad ex\u00f3tica. La base es rica y profunda, con notas de vainilla, pachul\u00ed, almizcle y s\u00e1ndalo, que aportan una calidez terrosa y amaderada a la fragancia. Esta fragancia es ideal para quienes buscan una composici\u00f3n dulce, cremosa y envolvente con un toque oriental y un toque de lujo.<\/p>\n","protected":false},"excerpt":{"rendered":"<p>Recuerda a Indian Dream de Mancera<\/p>\n","protected":false},"featured_media":3063,"comment_status":"open","ping_status":"closed","template":"","meta":[],"product_brand":[],"product_cat":[695],"product_tag":[38],"class_list":{"0":"post-919","1":"product","2":"type-product","3":"status-publish","4":"has-post-thumbnail","6":"product_cat-mancera","7":"product_tag-mujer","9":"first","10":"instock","11":"shipping-taxable","12":"product-type-simple"},"_links":{"self":[{"href":"https:\/\/divainers.com\/pl\/wp-json\/wp\/v2\/product\/919","targetHints":{"allow":["GET"]}}],"collection":[{"href":"https:\/\/divainers.com\/pl\/wp-json\/wp\/v2\/product"}],"about":[{"href":"https:\/\/divainers.com\/pl\/wp-json\/wp\/v2\/types\/product"}],"replies":[{"embeddable":true,"href":"https:\/\/divainers.com\/pl\/wp-json\/wp\/v2\/comments?post=919"}],"wp:featuredmedia":[{"embeddable":true,"href":"https:\/\/divainers.com\/pl\/wp-json\/wp\/v2\/media\/3063"}],"wp:attachment":[{"href":"https:\/\/divainers.com\/pl\/wp-json\/wp\/v2\/media?parent=919"}],"wp:term":[{"taxonomy":"product_brand","embeddable":true,"href":"https:\/\/divainers.com\/pl\/wp-json\/wp\/v2\/product_brand?post=919"},{"taxonomy":"product_cat","embeddable":true,"href":"https:\/\/divainers.com\/pl\/wp-json\/wp\/v2\/product_cat?post=919"},{"taxonomy":"product_tag","embeddable":true,"href":"https:\/\/divainers.com\/pl\/wp-json\/wp\/v2\/product_tag?post=919"}],"curies":[{"name":"wp","href":"https:\/\/api.w.org\/{rel}","templated":true}]}}