{"id":9191,"date":"2025-01-31T08:33:39","date_gmt":"2025-01-31T07:33:39","guid":{"rendered":"https:\/\/divainers.com\/producto\/divain-100\/"},"modified":"2026-04-30T09:54:43","modified_gmt":"2026-04-30T07:54:43","slug":"divain-100","status":"publish","type":"product","link":"https:\/\/divainers.com\/pl\/producto\/divain-100\/","title":{"rendered":"divain.100"},"content":{"rendered":"<p>Czysty i naturalny zapach, kt\u00f3ry przywo\u0142uje \u015bwie\u017co\u015b\u0107 poranka i delikatno\u015b\u0107 natury. Jego jasne otwarcie z cytrus\u00f3w i zielonych li\u015bci przynosi orze\u017awiaj\u0105ce i lekkie doznania. W sercu bukiet kwiat\u00f3w ja\u015bminu, r\u00f3\u017cy i konwalii otula zapach mi\u0119kk\u0105 i eleganck\u0105 kobieco\u015bci\u0105. W bazie pi\u017cmo i drewno cedrowe tworz\u0105 ciep\u0142y i otulaj\u0105cy \u015blad, idealny dla romantycznej, spokojnej kobiety z subtelnym urokiem, kt\u00f3ry pozostawia \u015blad.<\/p>\n","protected":false},"excerpt":{"rendered":"<p>Przypomina Agua de Rocio od Victorio &#038; Lucchino<\/p>\n","protected":false},"featured_media":9185,"comment_status":"open","ping_status":"closed","template":"","meta":[],"product_brand":[],"product_cat":[2239],"product_tag":[1442],"class_list":{"0":"post-9191","1":"product","2":"type-product","3":"status-publish","4":"has-post-thumbnail","6":"product_cat-victorio-lucchino","7":"product_tag-kobiety","9":"first","10":"instock","11":"shipping-taxable","12":"product-type-simple"},"_links":{"self":[{"href":"https:\/\/divainers.com\/pl\/wp-json\/wp\/v2\/product\/9191","targetHints":{"allow":["GET"]}}],"collection":[{"href":"https:\/\/divainers.com\/pl\/wp-json\/wp\/v2\/product"}],"about":[{"href":"https:\/\/divainers.com\/pl\/wp-json\/wp\/v2\/types\/product"}],"replies":[{"embeddable":true,"href":"https:\/\/divainers.com\/pl\/wp-json\/wp\/v2\/comments?post=9191"}],"wp:featuredmedia":[{"embeddable":true,"href":"https:\/\/divainers.com\/pl\/wp-json\/wp\/v2\/media\/9185"}],"wp:attachment":[{"href":"https:\/\/divainers.com\/pl\/wp-json\/wp\/v2\/media?parent=9191"}],"wp:term":[{"taxonomy":"product_brand","embeddable":true,"href":"https:\/\/divainers.com\/pl\/wp-json\/wp\/v2\/product_brand?post=9191"},{"taxonomy":"product_cat","embeddable":true,"href":"https:\/\/divainers.com\/pl\/wp-json\/wp\/v2\/product_cat?post=9191"},{"taxonomy":"product_tag","embeddable":true,"href":"https:\/\/divainers.com\/pl\/wp-json\/wp\/v2\/product_tag?post=9191"}],"curies":[{"name":"wp","href":"https:\/\/api.w.org\/{rel}","templated":true}]}}