{"id":9368,"date":"2025-08-29T08:51:38","date_gmt":"2025-08-29T06:51:38","guid":{"rendered":"https:\/\/divainers.com\/producto\/divain-1063\/"},"modified":"2026-04-30T09:55:09","modified_gmt":"2026-04-30T07:55:09","slug":"divain-1063","status":"publish","type":"product","link":"https:\/\/divainers.com\/pl\/producto\/divain-1063\/","title":{"rendered":"divain.1063"},"content":{"rendered":"<p>Przekazuje soczyst\u0105 i \u015bwietlist\u0105 \u015bwie\u017co\u015b\u0107, o delikatnym i eleganckim charakterze, kt\u00f3ry budzi witalno\u015b\u0107 i rado\u015b\u0107. \u017bywy i wyrafinowany zapach, idealny dla tych, kt\u00f3rzy szukaj\u0105 iskrz\u0105cego i naturalnego akcentu w swoim stylu.<\/p>\n","protected":false},"excerpt":{"rendered":"<p>Przypomina Fragaria od Creed<\/p>\n","protected":false},"featured_media":4139,"comment_status":"open","ping_status":"closed","template":"","meta":[],"product_brand":[],"product_cat":[2276],"product_tag":[1442],"class_list":{"0":"post-9368","1":"product","2":"type-product","3":"status-publish","4":"has-post-thumbnail","6":"product_cat-creed","7":"product_tag-kobiety","9":"first","10":"instock","11":"shipping-taxable","12":"product-type-simple"},"_links":{"self":[{"href":"https:\/\/divainers.com\/pl\/wp-json\/wp\/v2\/product\/9368","targetHints":{"allow":["GET"]}}],"collection":[{"href":"https:\/\/divainers.com\/pl\/wp-json\/wp\/v2\/product"}],"about":[{"href":"https:\/\/divainers.com\/pl\/wp-json\/wp\/v2\/types\/product"}],"replies":[{"embeddable":true,"href":"https:\/\/divainers.com\/pl\/wp-json\/wp\/v2\/comments?post=9368"}],"wp:featuredmedia":[{"embeddable":true,"href":"https:\/\/divainers.com\/pl\/wp-json\/wp\/v2\/media\/4139"}],"wp:attachment":[{"href":"https:\/\/divainers.com\/pl\/wp-json\/wp\/v2\/media?parent=9368"}],"wp:term":[{"taxonomy":"product_brand","embeddable":true,"href":"https:\/\/divainers.com\/pl\/wp-json\/wp\/v2\/product_brand?post=9368"},{"taxonomy":"product_cat","embeddable":true,"href":"https:\/\/divainers.com\/pl\/wp-json\/wp\/v2\/product_cat?post=9368"},{"taxonomy":"product_tag","embeddable":true,"href":"https:\/\/divainers.com\/pl\/wp-json\/wp\/v2\/product_tag?post=9368"}],"curies":[{"name":"wp","href":"https:\/\/api.w.org\/{rel}","templated":true}]}}