{"id":9454,"date":"2025-01-31T08:32:10","date_gmt":"2025-01-31T07:32:10","guid":{"rendered":"https:\/\/divainers.com\/producto\/divain-935\/"},"modified":"2026-04-30T09:55:36","modified_gmt":"2026-04-30T07:55:36","slug":"divain-935","status":"publish","type":"product","link":"https:\/\/divainers.com\/pl\/producto\/divain-935\/","title":{"rendered":"divain.935"},"content":{"rendered":"<p>\u017bywa i iskrz\u0105ca si\u0119 kompozycja zapachowa, kt\u00f3ra budzi zmys\u0142y eksplozj\u0105 \u015bwie\u017co\u015bci i energii. Od pierwszych nut cytrusowych pomara\u0144czy i cytryny \u0142\u0105czy si\u0119 z akcentem mandarynki, tworz\u0105c poczucie \u015bwiat\u0142a i witalno\u015bci, niczym promie\u0144 s\u0142o\u0144ca w promienny dzie\u0144. W miar\u0119 rozwijania si\u0119 zapachu delikatny kwiatowy akord ja\u015bminu i r\u00f3\u017c dodaje kobiecej subtelno\u015bci, podczas gdy ciep\u0142a baza z pi\u017cma i cedru zapewnia drzewn\u0105 podstaw\u0119, kt\u00f3ra r\u00f3wnowa\u017cy \u015bwie\u017co\u015b\u0107 i mi\u0119kko\u015b\u0107. Ten perfum jest idealny dla tych, kt\u00f3rzy poszukuj\u0105 orze\u017awiaj\u0105cego i radosnego doznania zapachowego, pozostawiaj\u0105c lekk\u0105, \u015bwie\u017c\u0105 i pe\u0142n\u0105 \u017cycia aur\u0119, idealn\u0105 na chwile wolno\u015bci i optymizmu.<\/p>\n","protected":false},"excerpt":{"rendered":"<p>Przypomina Chispas de Dana<\/p>\n","protected":false},"featured_media":3215,"comment_status":"open","ping_status":"closed","template":"","meta":[],"product_brand":[],"product_cat":[2336],"product_tag":[2337],"class_list":{"0":"post-9454","1":"product","2":"type-product","3":"status-publish","4":"has-post-thumbnail","6":"product_cat-dana","7":"product_tag-ninos-y-ninas","9":"first","10":"instock","11":"shipping-taxable","12":"product-type-simple"},"_links":{"self":[{"href":"https:\/\/divainers.com\/pl\/wp-json\/wp\/v2\/product\/9454","targetHints":{"allow":["GET"]}}],"collection":[{"href":"https:\/\/divainers.com\/pl\/wp-json\/wp\/v2\/product"}],"about":[{"href":"https:\/\/divainers.com\/pl\/wp-json\/wp\/v2\/types\/product"}],"replies":[{"embeddable":true,"href":"https:\/\/divainers.com\/pl\/wp-json\/wp\/v2\/comments?post=9454"}],"wp:featuredmedia":[{"embeddable":true,"href":"https:\/\/divainers.com\/pl\/wp-json\/wp\/v2\/media\/3215"}],"wp:attachment":[{"href":"https:\/\/divainers.com\/pl\/wp-json\/wp\/v2\/media?parent=9454"}],"wp:term":[{"taxonomy":"product_brand","embeddable":true,"href":"https:\/\/divainers.com\/pl\/wp-json\/wp\/v2\/product_brand?post=9454"},{"taxonomy":"product_cat","embeddable":true,"href":"https:\/\/divainers.com\/pl\/wp-json\/wp\/v2\/product_cat?post=9454"},{"taxonomy":"product_tag","embeddable":true,"href":"https:\/\/divainers.com\/pl\/wp-json\/wp\/v2\/product_tag?post=9454"}],"curies":[{"name":"wp","href":"https:\/\/api.w.org\/{rel}","templated":true}]}}