{"id":948,"date":"2025-01-31T08:33:05","date_gmt":"2025-01-31T07:33:05","guid":{"rendered":"https:\/\/divainers.com\/producto\/divain-371\/"},"modified":"2026-03-16T16:08:07","modified_gmt":"2026-03-16T15:08:07","slug":"divain-371","status":"publish","type":"product","link":"https:\/\/divainers.com\/pl\/producto\/divain-371\/","title":{"rendered":"divain.371"},"content":{"rendered":"<p>Una fragancia vibrante y en\u00e9rgica con un car\u00e1cter afrutado y amaderado. Destaca por su frescura c\u00edtrica combinada con notas de pomelo y naranja sanguina, que se fusionan con un coraz\u00f3n arom\u00e1tico especiado y un fondo c\u00e1lido de maderas y haba tonka. Sofisticada y moderna, transmite dinamismo y fuerza.<\/p>\n","protected":false},"excerpt":{"rendered":"<p>Recuerda a Legend Red de Montblanc<\/p>\n","protected":false},"featured_media":3087,"comment_status":"open","ping_status":"closed","template":"","meta":[],"product_brand":[],"product_cat":[737],"product_tag":[25],"class_list":{"0":"post-948","1":"product","2":"type-product","3":"status-publish","4":"has-post-thumbnail","6":"product_cat-montblanc","7":"product_tag-hombre","9":"first","10":"instock","11":"shipping-taxable","12":"product-type-simple"},"_links":{"self":[{"href":"https:\/\/divainers.com\/pl\/wp-json\/wp\/v2\/product\/948","targetHints":{"allow":["GET"]}}],"collection":[{"href":"https:\/\/divainers.com\/pl\/wp-json\/wp\/v2\/product"}],"about":[{"href":"https:\/\/divainers.com\/pl\/wp-json\/wp\/v2\/types\/product"}],"replies":[{"embeddable":true,"href":"https:\/\/divainers.com\/pl\/wp-json\/wp\/v2\/comments?post=948"}],"wp:featuredmedia":[{"embeddable":true,"href":"https:\/\/divainers.com\/pl\/wp-json\/wp\/v2\/media\/3087"}],"wp:attachment":[{"href":"https:\/\/divainers.com\/pl\/wp-json\/wp\/v2\/media?parent=948"}],"wp:term":[{"taxonomy":"product_brand","embeddable":true,"href":"https:\/\/divainers.com\/pl\/wp-json\/wp\/v2\/product_brand?post=948"},{"taxonomy":"product_cat","embeddable":true,"href":"https:\/\/divainers.com\/pl\/wp-json\/wp\/v2\/product_cat?post=948"},{"taxonomy":"product_tag","embeddable":true,"href":"https:\/\/divainers.com\/pl\/wp-json\/wp\/v2\/product_tag?post=948"}],"curies":[{"name":"wp","href":"https:\/\/api.w.org\/{rel}","templated":true}]}}