{"id":1007,"date":"2025-01-31T08:33:14","date_gmt":"2025-01-31T07:33:14","guid":{"rendered":"https:\/\/divainers.com\/producto\/divain-174\/"},"modified":"2026-03-16T16:08:13","modified_gmt":"2026-03-16T15:08:13","slug":"divain-174","status":"publish","type":"product","link":"https:\/\/divainers.com\/pt-pt\/producto\/divain-174\/","title":{"rendered":"divain.174"},"content":{"rendered":"<p>Un aroma divino y sensual que envuelve la piel con una feminidad poderosa y cautivadora. Su apertura fresca de mandarina verde y jazm\u00edn envuelve los sentidos con una chispeante luminosidad. En el coraz\u00f3n, la vainilla salada aporta un contraste adictivo entre dulzura y un sutil toque marino, creando una sensaci\u00f3n \u00fanica y envolvente. En el fondo, el \u00e1mbar gris y la madera de cachemira dejan una estela c\u00e1lida y sofisticada, perfecta para la mujer fuerte, segura de s\u00ed misma y con una presencia magn\u00e9tica que no pasa desapercibida.<\/p>\n","protected":false},"excerpt":{"rendered":"<p>Recuerda a Olympea de Paco Rabanne<\/p>\n","protected":false},"featured_media":3649,"comment_status":"open","ping_status":"closed","template":"","meta":[],"product_brand":[],"product_cat":[802],"product_tag":[1448],"class_list":{"0":"post-1007","1":"product","2":"type-product","3":"status-publish","4":"has-post-thumbnail","6":"product_cat-paco-rabanne","7":"product_tag-moterys","9":"first","10":"instock","11":"shipping-taxable","12":"product-type-simple"},"_links":{"self":[{"href":"https:\/\/divainers.com\/pt-pt\/wp-json\/wp\/v2\/product\/1007","targetHints":{"allow":["GET"]}}],"collection":[{"href":"https:\/\/divainers.com\/pt-pt\/wp-json\/wp\/v2\/product"}],"about":[{"href":"https:\/\/divainers.com\/pt-pt\/wp-json\/wp\/v2\/types\/product"}],"replies":[{"embeddable":true,"href":"https:\/\/divainers.com\/pt-pt\/wp-json\/wp\/v2\/comments?post=1007"}],"wp:featuredmedia":[{"embeddable":true,"href":"https:\/\/divainers.com\/pt-pt\/wp-json\/wp\/v2\/media\/3649"}],"wp:attachment":[{"href":"https:\/\/divainers.com\/pt-pt\/wp-json\/wp\/v2\/media?parent=1007"}],"wp:term":[{"taxonomy":"product_brand","embeddable":true,"href":"https:\/\/divainers.com\/pt-pt\/wp-json\/wp\/v2\/product_brand?post=1007"},{"taxonomy":"product_cat","embeddable":true,"href":"https:\/\/divainers.com\/pt-pt\/wp-json\/wp\/v2\/product_cat?post=1007"},{"taxonomy":"product_tag","embeddable":true,"href":"https:\/\/divainers.com\/pt-pt\/wp-json\/wp\/v2\/product_tag?post=1007"}],"curies":[{"name":"wp","href":"https:\/\/api.w.org\/{rel}","templated":true}]}}