{"id":1008,"date":"2025-01-31T08:33:14","date_gmt":"2025-01-31T07:33:14","guid":{"rendered":"https:\/\/divainers.com\/producto\/divain-204\/"},"modified":"2026-03-16T16:08:13","modified_gmt":"2026-03-16T15:08:13","slug":"divain-204","status":"publish","type":"product","link":"https:\/\/divainers.com\/pt-pt\/producto\/divain-204\/","title":{"rendered":"divain.204"},"content":{"rendered":"<p>Una fragancia poderosa y vibrante que encarna la victoria y la energ\u00eda imparable. Su apertura fresca y c\u00edtrica, con notas de pomelo y acordes marinos, aporta una sensaci\u00f3n revitalizante y din\u00e1mica. En el coraz\u00f3n, un toque arom\u00e1tico de laurel se fusiona con un sutil matiz especiado, a\u00f1adiendo profundidad y car\u00e1cter. El fondo amaderado y sensual de \u00e1mbar gris, madera de gaiac y pachul\u00ed deja una estela magn\u00e9tica y seductora. Ideal para hombres con esp\u00edritu competitivo y audaz, que buscan un aroma fresco, moderno y lleno de fuerza.<\/p>\n","protected":false},"excerpt":{"rendered":"<p>Recuerda a Invictus de Paco Rabanne<\/p>\n","protected":false},"featured_media":3373,"comment_status":"open","ping_status":"closed","template":"","meta":[],"product_brand":[],"product_cat":[802],"product_tag":[1367],"class_list":{"0":"post-1008","1":"product","2":"type-product","3":"status-publish","4":"has-post-thumbnail","6":"product_cat-paco-rabanne","7":"product_tag-moski","9":"first","10":"instock","11":"shipping-taxable","12":"product-type-simple"},"_links":{"self":[{"href":"https:\/\/divainers.com\/pt-pt\/wp-json\/wp\/v2\/product\/1008","targetHints":{"allow":["GET"]}}],"collection":[{"href":"https:\/\/divainers.com\/pt-pt\/wp-json\/wp\/v2\/product"}],"about":[{"href":"https:\/\/divainers.com\/pt-pt\/wp-json\/wp\/v2\/types\/product"}],"replies":[{"embeddable":true,"href":"https:\/\/divainers.com\/pt-pt\/wp-json\/wp\/v2\/comments?post=1008"}],"wp:featuredmedia":[{"embeddable":true,"href":"https:\/\/divainers.com\/pt-pt\/wp-json\/wp\/v2\/media\/3373"}],"wp:attachment":[{"href":"https:\/\/divainers.com\/pt-pt\/wp-json\/wp\/v2\/media?parent=1008"}],"wp:term":[{"taxonomy":"product_brand","embeddable":true,"href":"https:\/\/divainers.com\/pt-pt\/wp-json\/wp\/v2\/product_brand?post=1008"},{"taxonomy":"product_cat","embeddable":true,"href":"https:\/\/divainers.com\/pt-pt\/wp-json\/wp\/v2\/product_cat?post=1008"},{"taxonomy":"product_tag","embeddable":true,"href":"https:\/\/divainers.com\/pt-pt\/wp-json\/wp\/v2\/product_tag?post=1008"}],"curies":[{"name":"wp","href":"https:\/\/api.w.org\/{rel}","templated":true}]}}