{"id":1129,"date":"2025-01-31T08:33:30","date_gmt":"2025-01-31T07:33:30","guid":{"rendered":"https:\/\/divainers.com\/producto\/divain-347\/"},"modified":"2026-04-30T16:01:21","modified_gmt":"2026-04-30T14:01:21","slug":"divain-347","status":"publish","type":"product","link":"https:\/\/divainers.com\/pt-pt\/producto\/divain-347\/","title":{"rendered":"divain.347"},"content":{"rendered":"<p>Intenzivna i rasko\u0161na kompozicija koja spaja toplu i za\u010dinjenu prirodu duhana s dimnim i smolastim dubinama ouda. Od samog po\u010detka, note viskija i za\u010dina donose opojan i tajanstven prizvuk, dok se u srcu duhan isprepli\u0107e s tamjanom i drvetom ouda, stvaraju\u0107i gust i luksuzan dojam. Baza je bogata i tamna, s vanilijom, sandalovinom i dodirom suhog jantara koji pru\u017eaju toplinu i senzualnost. Idealno za one koji tra\u017ee sna\u017ean, zavodljiv i obavijaju\u0107i miris.<\/p>\n","protected":false},"excerpt":{"rendered":"<p>Podsje\u0107a na Tobacco Oud od Tom Ford<\/p>\n","protected":false},"featured_media":15378,"comment_status":"open","ping_status":"closed","template":"","meta":[],"product_brand":[],"product_cat":[4267],"product_tag":[1389],"class_list":{"0":"post-1129","1":"product","2":"type-product","3":"status-publish","4":"has-post-thumbnail","6":"product_cat-tom-ford","7":"product_tag-unisex","9":"first","10":"instock","11":"shipping-taxable","12":"product-type-simple"},"_links":{"self":[{"href":"https:\/\/divainers.com\/pt-pt\/wp-json\/wp\/v2\/product\/1129","targetHints":{"allow":["GET"]}}],"collection":[{"href":"https:\/\/divainers.com\/pt-pt\/wp-json\/wp\/v2\/product"}],"about":[{"href":"https:\/\/divainers.com\/pt-pt\/wp-json\/wp\/v2\/types\/product"}],"replies":[{"embeddable":true,"href":"https:\/\/divainers.com\/pt-pt\/wp-json\/wp\/v2\/comments?post=1129"}],"wp:featuredmedia":[{"embeddable":true,"href":"https:\/\/divainers.com\/pt-pt\/wp-json\/wp\/v2\/media\/15378"}],"wp:attachment":[{"href":"https:\/\/divainers.com\/pt-pt\/wp-json\/wp\/v2\/media?parent=1129"}],"wp:term":[{"taxonomy":"product_brand","embeddable":true,"href":"https:\/\/divainers.com\/pt-pt\/wp-json\/wp\/v2\/product_brand?post=1129"},{"taxonomy":"product_cat","embeddable":true,"href":"https:\/\/divainers.com\/pt-pt\/wp-json\/wp\/v2\/product_cat?post=1129"},{"taxonomy":"product_tag","embeddable":true,"href":"https:\/\/divainers.com\/pt-pt\/wp-json\/wp\/v2\/product_tag?post=1129"}],"curies":[{"name":"wp","href":"https:\/\/api.w.org\/{rel}","templated":true}]}}