{"id":1170,"date":"2025-01-31T08:33:35","date_gmt":"2025-01-31T07:33:35","guid":{"rendered":"https:\/\/divainers.com\/producto\/divain-671\/"},"modified":"2026-04-30T16:11:38","modified_gmt":"2026-04-30T14:11:38","slug":"divain-671","status":"publish","type":"product","link":"https:\/\/divainers.com\/pt-pt\/producto\/divain-671\/","title":{"rendered":"divain.671"},"content":{"rendered":"<p>Slatki i zavodljivi miris koji hvata bit \u017eenstvenosti i elegancije s modernim i svje\u017eim dodirom. Na po\u010detku se vo\u0107ne note mandarine i kru\u0161ke mije\u0161aju s nje\u017enim dodirom cvijeta naran\u010de, stvaraju\u0107i svijetao i blistav dojam. Kako se miris razvija, cvjetno srce jasmina i ru\u017ee izlazi na povr\u0161inu, donose\u0107i profinjenu i romanti\u010dnu meko\u0107u. Baza, topla i senzualna, sastoji se od sandalovine, jantara i mo\u0161usa, stvaraju\u0107i ugodan i obavijaju\u0107i trag. Savr\u0161en je miris za one koji tra\u017ee uravnote\u017een i svjetlucav parfem, idealan za no\u0161enje tijekom dana ili na posebnim prilikama kada \u017eelite istaknuti svoj nastup sofisticiranim i \u017eenstvenim dodirom.<\/p>\n","protected":false},"excerpt":{"rendered":"<p>Podsje\u0107a na Your Moments od Tous<\/p>\n","protected":false},"featured_media":15640,"comment_status":"open","ping_status":"closed","template":"","meta":[],"product_brand":[],"product_cat":[4526],"product_tag":[1428],"class_list":{"0":"post-1170","1":"product","2":"type-product","3":"status-publish","4":"has-post-thumbnail","6":"product_cat-tous","7":"product_tag-naiset","9":"first","10":"instock","11":"shipping-taxable","12":"product-type-simple"},"_links":{"self":[{"href":"https:\/\/divainers.com\/pt-pt\/wp-json\/wp\/v2\/product\/1170","targetHints":{"allow":["GET"]}}],"collection":[{"href":"https:\/\/divainers.com\/pt-pt\/wp-json\/wp\/v2\/product"}],"about":[{"href":"https:\/\/divainers.com\/pt-pt\/wp-json\/wp\/v2\/types\/product"}],"replies":[{"embeddable":true,"href":"https:\/\/divainers.com\/pt-pt\/wp-json\/wp\/v2\/comments?post=1170"}],"wp:featuredmedia":[{"embeddable":true,"href":"https:\/\/divainers.com\/pt-pt\/wp-json\/wp\/v2\/media\/15640"}],"wp:attachment":[{"href":"https:\/\/divainers.com\/pt-pt\/wp-json\/wp\/v2\/media?parent=1170"}],"wp:term":[{"taxonomy":"product_brand","embeddable":true,"href":"https:\/\/divainers.com\/pt-pt\/wp-json\/wp\/v2\/product_brand?post=1170"},{"taxonomy":"product_cat","embeddable":true,"href":"https:\/\/divainers.com\/pt-pt\/wp-json\/wp\/v2\/product_cat?post=1170"},{"taxonomy":"product_tag","embeddable":true,"href":"https:\/\/divainers.com\/pt-pt\/wp-json\/wp\/v2\/product_tag?post=1170"}],"curies":[{"name":"wp","href":"https:\/\/api.w.org\/{rel}","templated":true}]}}