{"id":1190,"date":"2025-01-31T08:33:38","date_gmt":"2025-01-31T07:33:38","guid":{"rendered":"https:\/\/divainers.com\/producto\/divain-282\/"},"modified":"2026-04-30T16:00:00","modified_gmt":"2026-04-30T14:00:00","slug":"divain-282","status":"publish","type":"product","link":"https:\/\/divainers.com\/pt-pt\/producto\/divain-282\/","title":{"rendered":"divain.282"},"content":{"rendered":"<p>To je svje\u017ei i mu\u017eevni miris koji hvata bit mediteranske elegancije. Otvara se notama limuna, bergamota, nerolija i ru\u017eine mente, stvaraju\u0107i svje\u017e i energi\u010dan dojam. Njegovo srce otkriva cvjetni dodir pelargonije i cvijeta naran\u010de, upotpunjen suptilnim za\u010dinima poput klin\u010di\u0107a. U bazi se nalaze note mo\u0161usa, sandalovine, vetivera i cedra, pru\u017eaju\u0107i osje\u0107aj topline i sofisticiranosti. To je svestran i bezvremen parfem, prikladan za svakodnevnu upotrebu, ali s prisutno\u0161\u0107u koja ga \u010dini savr\u0161enim i za posebne doga\u0111aje.<\/p>\n","protected":false},"excerpt":{"rendered":"<p>Podsje\u0107a na Versace Pour Homme od Versace<\/p>\n","protected":false},"featured_media":15328,"comment_status":"open","ping_status":"closed","template":"","meta":[],"product_brand":[],"product_cat":[1748],"product_tag":[1345],"class_list":{"0":"post-1190","1":"product","2":"type-product","3":"status-publish","4":"has-post-thumbnail","6":"product_cat-versace","7":"product_tag-manner","9":"first","10":"instock","11":"shipping-taxable","12":"product-type-simple"},"_links":{"self":[{"href":"https:\/\/divainers.com\/pt-pt\/wp-json\/wp\/v2\/product\/1190","targetHints":{"allow":["GET"]}}],"collection":[{"href":"https:\/\/divainers.com\/pt-pt\/wp-json\/wp\/v2\/product"}],"about":[{"href":"https:\/\/divainers.com\/pt-pt\/wp-json\/wp\/v2\/types\/product"}],"replies":[{"embeddable":true,"href":"https:\/\/divainers.com\/pt-pt\/wp-json\/wp\/v2\/comments?post=1190"}],"wp:featuredmedia":[{"embeddable":true,"href":"https:\/\/divainers.com\/pt-pt\/wp-json\/wp\/v2\/media\/15328"}],"wp:attachment":[{"href":"https:\/\/divainers.com\/pt-pt\/wp-json\/wp\/v2\/media?parent=1190"}],"wp:term":[{"taxonomy":"product_brand","embeddable":true,"href":"https:\/\/divainers.com\/pt-pt\/wp-json\/wp\/v2\/product_brand?post=1190"},{"taxonomy":"product_cat","embeddable":true,"href":"https:\/\/divainers.com\/pt-pt\/wp-json\/wp\/v2\/product_cat?post=1190"},{"taxonomy":"product_tag","embeddable":true,"href":"https:\/\/divainers.com\/pt-pt\/wp-json\/wp\/v2\/product_tag?post=1190"}],"curies":[{"name":"wp","href":"https:\/\/api.w.org\/{rel}","templated":true}]}}