{"id":1194,"date":"2025-01-31T08:33:38","date_gmt":"2025-01-31T07:33:38","guid":{"rendered":"https:\/\/divainers.com\/producto\/divain-796\/"},"modified":"2026-04-30T16:13:58","modified_gmt":"2026-04-30T14:13:58","slug":"divain-796","status":"publish","type":"product","link":"https:\/\/divainers.com\/pt-pt\/producto\/divain-796\/","title":{"rendered":"divain.796"},"content":{"rendered":"<p>Ovaj \u017eenski miris zapo\u010dinje svje\u017eim i \u017eivahnim otvaranjem, gdje se so\u010dnost kru\u0161ke mije\u0161a s pjenu\u0161avim notama bergamota i dodirom gorke naran\u010de, stvaraju\u0107i energi\u010dan i osvje\u017eavaju\u0107i dojam. U srcu se otkriva nje\u017ena ljubi\u010dasta frezija, pra\u0107ena cvjetnim i vo\u0107nim nijansama koje oboga\u0107uju kompoziciju. Drvenasta baza od cedra i suptilni topli tonovi pru\u017eaju osje\u0107aj dubine i sofisticiranosti, zaokru\u017euju\u0107i elegantan i moderan miris, savr\u0161en za one koji tra\u017ee svje\u017einu s obavijaju\u0107im tragom.<\/p>\n","protected":false},"excerpt":{"rendered":"<p>Podsje\u0107a na Dylan Purple od Versace<\/p>\n","protected":false},"featured_media":15751,"comment_status":"open","ping_status":"closed","template":"","meta":[],"product_brand":[],"product_cat":[1750],"product_tag":[1434],"class_list":{"0":"post-1194","1":"product","2":"type-product","3":"status-publish","4":"has-post-thumbnail","6":"product_cat-versace","7":"product_tag-zene","9":"first","10":"instock","11":"shipping-taxable","12":"product-type-simple"},"_links":{"self":[{"href":"https:\/\/divainers.com\/pt-pt\/wp-json\/wp\/v2\/product\/1194","targetHints":{"allow":["GET"]}}],"collection":[{"href":"https:\/\/divainers.com\/pt-pt\/wp-json\/wp\/v2\/product"}],"about":[{"href":"https:\/\/divainers.com\/pt-pt\/wp-json\/wp\/v2\/types\/product"}],"replies":[{"embeddable":true,"href":"https:\/\/divainers.com\/pt-pt\/wp-json\/wp\/v2\/comments?post=1194"}],"wp:featuredmedia":[{"embeddable":true,"href":"https:\/\/divainers.com\/pt-pt\/wp-json\/wp\/v2\/media\/15751"}],"wp:attachment":[{"href":"https:\/\/divainers.com\/pt-pt\/wp-json\/wp\/v2\/media?parent=1194"}],"wp:term":[{"taxonomy":"product_brand","embeddable":true,"href":"https:\/\/divainers.com\/pt-pt\/wp-json\/wp\/v2\/product_brand?post=1194"},{"taxonomy":"product_cat","embeddable":true,"href":"https:\/\/divainers.com\/pt-pt\/wp-json\/wp\/v2\/product_cat?post=1194"},{"taxonomy":"product_tag","embeddable":true,"href":"https:\/\/divainers.com\/pt-pt\/wp-json\/wp\/v2\/product_tag?post=1194"}],"curies":[{"name":"wp","href":"https:\/\/api.w.org\/{rel}","templated":true}]}}