{"id":13448,"date":"2025-01-31T08:33:35","date_gmt":"2025-01-31T07:33:35","guid":{"rendered":"https:\/\/divainers.com\/producto\/divain-092\/"},"modified":"2026-04-30T11:03:37","modified_gmt":"2026-04-30T09:03:37","slug":"divain-092","status":"publish","type":"product","link":"https:\/\/divainers.com\/pt-pt\/producto\/divain-092\/","title":{"rendered":"divain.092"},"content":{"rendered":"<p>Uma fragr\u00e2ncia fresca e vibrante que captura a ess\u00eancia da juventude e da liberdade. A sua abertura cintilante de ma\u00e7\u00e3, groselha negra e tangerina traz uma energia luminosa e refrescante. No cora\u00e7\u00e3o, a combina\u00e7\u00e3o de rosa, l\u00edrio e madressilva envolve a fragr\u00e2ncia numa feminilidade suave e natural. Na base, o s\u00e2ndalo e o cedro criam uma trilha quente e leve, perfeita para a mulher espont\u00e2nea, otimista e de esp\u00edrito livre que desfruta de cada momento.<\/p>\n","protected":false},"excerpt":{"rendered":"<p>Lembra Tommy Girl de Tommy Hilfiger<\/p>\n","protected":false},"featured_media":13446,"comment_status":"open","ping_status":"closed","template":"","meta":[],"product_brand":[],"product_cat":[4290],"product_tag":[1440],"class_list":{"0":"post-13448","1":"product","2":"type-product","3":"status-publish","4":"has-post-thumbnail","6":"product_cat-tommy-hilfiger","7":"product_tag-mulheres","9":"first","10":"instock","11":"shipping-taxable","12":"product-type-simple"},"_links":{"self":[{"href":"https:\/\/divainers.com\/pt-pt\/wp-json\/wp\/v2\/product\/13448","targetHints":{"allow":["GET"]}}],"collection":[{"href":"https:\/\/divainers.com\/pt-pt\/wp-json\/wp\/v2\/product"}],"about":[{"href":"https:\/\/divainers.com\/pt-pt\/wp-json\/wp\/v2\/types\/product"}],"replies":[{"embeddable":true,"href":"https:\/\/divainers.com\/pt-pt\/wp-json\/wp\/v2\/comments?post=13448"}],"wp:featuredmedia":[{"embeddable":true,"href":"https:\/\/divainers.com\/pt-pt\/wp-json\/wp\/v2\/media\/13446"}],"wp:attachment":[{"href":"https:\/\/divainers.com\/pt-pt\/wp-json\/wp\/v2\/media?parent=13448"}],"wp:term":[{"taxonomy":"product_brand","embeddable":true,"href":"https:\/\/divainers.com\/pt-pt\/wp-json\/wp\/v2\/product_brand?post=13448"},{"taxonomy":"product_cat","embeddable":true,"href":"https:\/\/divainers.com\/pt-pt\/wp-json\/wp\/v2\/product_cat?post=13448"},{"taxonomy":"product_tag","embeddable":true,"href":"https:\/\/divainers.com\/pt-pt\/wp-json\/wp\/v2\/product_tag?post=13448"}],"curies":[{"name":"wp","href":"https:\/\/api.w.org\/{rel}","templated":true}]}}